{"id":4439,"date":"2021-10-12T16:27:24","date_gmt":"2021-10-12T16:27:24","guid":{"rendered":"http:\/\/dummy.xtemos.com\/woodmart2\/elementor\/?page_id=4439"},"modified":"2026-03-21T01:52:45","modified_gmt":"2026-03-21T01:52:45","slug":"arbeiten-sie-mit-uns-zusammen","status":"publish","type":"page","link":"https:\/\/cgccable.com\/de\/collaborate-with-us\/","title":{"rendered":"Arbeiten Sie mit uns zusammen"},"content":{"rendered":"<div data-elementor-type=\"wp-page\" data-elementor-id=\"4439\" class=\"elementor elementor-4439\" data-elementor-post-type=\"page\">\n\t\t\t\t<div class=\"wd-negative-gap elementor-element elementor-element-4191ffbb wd-section-stretch e-flex e-con-boxed e-con e-parent\" data-id=\"4191ffbb\" data-element_type=\"container\" data-e-type=\"container\" data-settings=\"{&quot;background_background&quot;:&quot;classic&quot;}\">\n\t\t\t\t\t<div class=\"e-con-inner\">\n\t\t\t\t<div class=\"elementor-element elementor-element-3b08fb10 elementor-widget-tablet__width-inherit wd-width-100 elementor-widget elementor-widget-wd_title\" data-id=\"3b08fb10\" data-element_type=\"widget\" data-e-type=\"widget\" data-widget_type=\"wd_title.default\">\n\t\t\t\t<div class=\"elementor-widget-container\">\n\t\t\t\t\t\t\t<div class=\"title-wrapper wd-set-mb reset-last-child wd-title-color-primary wd-title-style-default wd-title-size-large text-center\">\n\n\t\t\t\n\t\t\t<div class=\"liner-continer\">\n\t\t\t\t<h1 class=\"woodmart-title-container title wd-fontsize-xxl\">Nehmen Sie Kontakt auf<\/h1> \n\t\t\t\t\t\t\t<\/div>\n\n\t\t\t\t\t\t\t<div class=\"title-after_title reset-last-child wd-fontsize-s\">\n\t\t\t\t\t<p>Haben Sie eine Frage? Wir haben die Antwort. W\u00e4hlen Sie einfach Ihren Kommunikationskanal, kontaktieren Sie uns, und wir helfen Ihnen gerne weiter.<\/p>\t\t\t\t<\/div>\n\t\t\t\t\t<\/div>\n\t\t\t\t\t\t<\/div>\n\t\t\t\t<\/div>\n\t\t\t\t<div class=\"elementor-element elementor-element-c41e4fa elementor-widget elementor-widget-wd_button\" data-id=\"c41e4fa\" data-element_type=\"widget\" data-e-type=\"widget\" data-widget_type=\"wd_button.default\">\n\t\t\t\t<div class=\"elementor-widget-container\">\n\t\t\t\t\t\t\t<div class=\"wd-button-wrapper text-center\" >\n\t\t\t<a class=\"btn btn-style-link btn-shape- btn-size-default btn-color-white btn-icon-pos-right\"  href=\"#\">\n\t\t\t\t<span class=\"wd-btn-text\" data-elementor-setting-key=\"text\">\n\t\t\t\t\tSCHAUEN SIE SICH UNSERE H\u00c4UFIG GESTELLTEN FRAGEN AN\t\t\t\t<\/span>\n\n\t\t\t\t\t\t\t<\/a>\n\t\t<\/div>\n\t\t\t\t\t\t<\/div>\n\t\t\t\t<\/div>\n\t\t\t\t\t<\/div>\n\t\t\t\t<\/div>\n\t\t<div class=\"elementor-element elementor-element-a770319 e-flex e-con-boxed e-con e-parent\" data-id=\"a770319\" data-element_type=\"container\" data-e-type=\"container\">\n\t\t\t\t\t<div class=\"e-con-inner\">\n\t\t<div class=\"elementor-element elementor-element-e800aac e-con-full e-flex e-con e-child\" data-id=\"e800aac\" data-element_type=\"container\" data-e-type=\"container\">\n\t\t\t\t<div class=\"elementor-element elementor-element-c88827f elementor-widget elementor-widget-wd_infobox\" data-id=\"c88827f\" data-element_type=\"widget\" data-e-type=\"widget\" data-widget_type=\"wd_infobox.default\">\n\t\t\t\t<div class=\"elementor-widget-container\">\n\t\t\t\t\t\t\t<div class=\"info-box-wrapper\">\n\t\t\t<div class=\"wd-info-box text-left box-icon-align-left box-style-base color-scheme- wd-items-middle\">\n\t\t\t\t\t\t\t\t\t<div class=\"box-icon-wrapper  box-with-icon box-icon-simple\">\n\t\t\t\t\t\t<div class=\"info-box-icon\">\n\t\t\t\t\t\t\t\t\t\t\t\t\t\t\t<div class=\"info-svg-wrapper\" style=\"width:20px; height:px;\"><img decoding=\"async\"  src=\"https:\/\/cgccable.com\/wp-content\/uploads\/2025\/09\/mail-open-outline.svg\" title=\"Mail-Open-Outline\" loading=\"lazy\" width=\"20\"><\/div>\t\t\t\t\t\t\t\t\t\t\t\t\t<\/div>\n\t\t\t\t\t<\/div>\n\t\t\t\t\n\t\t\t\t<div class=\"info-box-content\">\n\t\t\t\t\t\n\t\t\t\t\t\t\t\t\t\t\t<h4\t\t\t\t\t\tclass=\"info-box-title title box-title-style-default wd-fontsize-m\" data-elementor-setting-key=\"title\">\n\t\t\t\t\t\t\t\tSCHREIBEN SIE UNS JEDERZEIT EINE E-MAIL\t\t\t\t\t\t<\/h4>\n\t\t\t\t\t\n\t\t\t\t\t<div class=\"info-box-inner reset-last-child\"data-elementor-setting-key=\"content\"><\/div>\n\n\t\t\t\t\t\t\t\t\t<\/div>\n\n\t\t\t\t\t\t\t<\/div>\n\t\t<\/div>\n\t\t\t\t\t\t<\/div>\n\t\t\t\t<\/div>\n\t\t\t\t<div class=\"elementor-element elementor-element-12d78d1 elementor-widget elementor-widget-wd_text_block\" data-id=\"12d78d1\" data-element_type=\"widget\" data-e-type=\"widget\" data-widget_type=\"wd_text_block.default\">\n\t\t\t\t<div class=\"elementor-widget-container\">\n\t\t\t\t\t\t\t<div class=\"wd-text-block reset-last-child text-left\">\n\t\t\t\n\t\t\t<p>F\u00fcr alle Kunden- und Gesch\u00e4ftsanfragen senden Sie bitte eine E-Mail an info@tropicskincare.com<\/p><p>F\u00fcr Presse- und Influencer-Anfragen\u00a0<strong>nur<\/strong>, Bitte senden Sie eine E-Mail an PR@tropicskincare.com<\/p><p>Alternativ k\u00f6nnen Sie auch die unten stehenden Angaben zusammen mit einer kurzen Nachricht ausf\u00fcllen. Ein Mitglied des Tropic-Teams wird sich dann in K\u00fcrze mit Ihnen in Verbindung setzen.<\/p><p>Wenn Sie mit einem bestimmten Tropic-Botschafter in Kontakt treten m\u00f6chten, geben Sie bitte dessen Namen und Standort in Ihrer Nachricht an.<\/p>\n\t\t\t\t\t<\/div>\n\t\t\t\t\t\t<\/div>\n\t\t\t\t<\/div>\n\t\t\t\t<\/div>\n\t\t<div class=\"elementor-element elementor-element-30cc8ef e-con-full e-flex e-con e-child\" data-id=\"30cc8ef\" data-element_type=\"container\" data-e-type=\"container\">\n\t\t\t\t<div class=\"elementor-element elementor-element-ccfa509 elementor-widget elementor-widget-wd_infobox\" data-id=\"ccfa509\" data-element_type=\"widget\" data-e-type=\"widget\" data-widget_type=\"wd_infobox.default\">\n\t\t\t\t<div class=\"elementor-widget-container\">\n\t\t\t\t\t\t\t<div class=\"info-box-wrapper\">\n\t\t\t<div class=\"wd-info-box text-left box-icon-align-left box-style-base color-scheme- wd-items-middle\">\n\t\t\t\t\t\t\t\t\t<div class=\"box-icon-wrapper  box-with-icon box-icon-simple\">\n\t\t\t\t\t\t<div class=\"info-box-icon\">\n\t\t\t\t\t\t\t\t\t\t\t\t\t\t\t<div class=\"info-svg-wrapper\" style=\"width:20px; height:px;\"><img decoding=\"async\"  src=\"https:\/\/cgccable.com\/wp-content\/uploads\/2025\/09\/Vector.svg\" title=\"Vektor\" loading=\"lazy\" width=\"20\"><\/div>\t\t\t\t\t\t\t\t\t\t\t\t\t<\/div>\n\t\t\t\t\t<\/div>\n\t\t\t\t\n\t\t\t\t<div class=\"info-box-content\">\n\t\t\t\t\t\n\t\t\t\t\t\t\t\t\t\t\t<h4\t\t\t\t\t\tclass=\"info-box-title title box-title-style-default wd-fontsize-m\" data-elementor-setting-key=\"title\">\n\t\t\t\t\t\t\t\tRUFEN SIE UNS AN\t\t\t\t\t\t<\/h4>\n\t\t\t\t\t\n\t\t\t\t\t<div class=\"info-box-inner reset-last-child\"data-elementor-setting-key=\"content\"><\/div>\n\n\t\t\t\t\t\t\t\t\t<\/div>\n\n\t\t\t\t\t\t\t<\/div>\n\t\t<\/div>\n\t\t\t\t\t\t<\/div>\n\t\t\t\t<\/div>\n\t\t\t\t<div class=\"elementor-element elementor-element-4014c29 elementor-widget elementor-widget-wd_text_block\" data-id=\"4014c29\" data-element_type=\"widget\" data-e-type=\"widget\" data-widget_type=\"wd_text_block.default\">\n\t\t\t\t<div class=\"elementor-widget-container\">\n\t\t\t\t\t\t\t<div class=\"wd-text-block reset-last-child text-left\">\n\t\t\t\n\t\t\t<div class=\"rte\"><p>Rufen Sie uns unter 020 4538 7600 an, um mit einem unserer Kundendienstberater zu sprechen.<\/p><\/div><div class=\"rte rte--primary\"><p>Montag - Freitag: 8:00-19:00 Uhr GMT<\/p><p>Samstag: 9:00-17:00 Uhr GMT<\/p><p>An Sonn- und Feiertagen geschlossen<\/p><\/div>\n\t\t\t\t\t<\/div>\n\t\t\t\t\t\t<\/div>\n\t\t\t\t<\/div>\n\t\t<div class=\"elementor-element elementor-element-ceffbc0 e-con-full e-flex e-con e-child\" data-id=\"ceffbc0\" data-element_type=\"container\" data-e-type=\"container\">\n\t\t\t\t<div class=\"elementor-element elementor-element-6bc6e80 elementor-widget elementor-widget-wd_infobox\" data-id=\"6bc6e80\" data-element_type=\"widget\" data-e-type=\"widget\" data-widget_type=\"wd_infobox.default\">\n\t\t\t\t<div class=\"elementor-widget-container\">\n\t\t\t\t\t\t\t<div class=\"info-box-wrapper\">\n\t\t\t<div class=\"wd-info-box text-left box-icon-align-left box-style-base color-scheme- wd-items-middle\">\n\t\t\t\t\t\t\t\t\t<div class=\"box-icon-wrapper  box-with-icon box-icon-simple\">\n\t\t\t\t\t\t<div class=\"info-box-icon\">\n\t\t\t\t\t\t\t\t\t\t\t\t\t\t\t<div class=\"info-svg-wrapper\" style=\"width:20px; height:px;\"><img decoding=\"async\"  src=\"https:\/\/cgccable.com\/wp-content\/uploads\/2025\/09\/Chat.svg\" title=\"Chat\" loading=\"lazy\" width=\"20\"><\/div>\t\t\t\t\t\t\t\t\t\t\t\t\t<\/div>\n\t\t\t\t\t<\/div>\n\t\t\t\t\n\t\t\t\t<div class=\"info-box-content\">\n\t\t\t\t\t\n\t\t\t\t\t\t\t\t\t\t\t<h4\t\t\t\t\t\tclass=\"info-box-title title box-title-style-default wd-fontsize-m\" data-elementor-setting-key=\"title\">\n\t\t\t\t\t\t\t\tKONTAKTIEREN SIE UNS PER CHAT\t\t\t\t\t\t<\/h4>\n\t\t\t\t\t\n\t\t\t\t\t<div class=\"info-box-inner reset-last-child\"data-elementor-setting-key=\"content\"><\/div>\n\n\t\t\t\t\t\t\t\t\t<\/div>\n\n\t\t\t\t\t\t\t<\/div>\n\t\t<\/div>\n\t\t\t\t\t\t<\/div>\n\t\t\t\t<\/div>\n\t\t\t\t<div class=\"elementor-element elementor-element-e2b6335 elementor-widget elementor-widget-wd_text_block\" data-id=\"e2b6335\" data-element_type=\"widget\" data-e-type=\"widget\" data-widget_type=\"wd_text_block.default\">\n\t\t\t\t<div class=\"elementor-widget-container\">\n\t\t\t\t\t\t\t<div class=\"wd-text-block reset-last-child text-left\">\n\t\t\t\n\t\t\t<div class=\"rte\"><div class=\"rte\"><p>Klicken Sie einfach auf den Chat-Button unten rechts, und unser Team hilft Ihnen gerne bei Fragen! Oder klicken Sie hier, um mit uns zu chatten.<\/p><\/div><div class=\"rte rte--primary\"><p>Montag - Freitag: 8:00-19:00 Uhr GMT<\/p><p>Samstag: 9:00-17:00 Uhr GMT<\/p><p>An Sonn- und Feiertagen geschlossen<\/p><\/div><\/div>\n\t\t\t\t\t<\/div>\n\t\t\t\t\t\t<\/div>\n\t\t\t\t<\/div>\n\t\t\t\t<\/div>\n\t\t\t\t<\/div>\n\t\t\t\t\t<\/div>\n\t\t\t\t<\/div>\n\t\t\t\t<\/div>","protected":false},"excerpt":{"rendered":"<p>Nehmen Sie Kontakt auf! Wenn Sie eine Frage haben, haben wir die Antwort. W\u00e4hlen Sie einfach Ihren Kommunikationskanal, melden Sie sich bei uns und<\/p>","protected":false},"author":1,"featured_media":0,"parent":0,"menu_order":0,"comment_status":"closed","ping_status":"closed","template":"","meta":{"footnotes":""},"class_list":["post-4439","page","type-page","status-publish","hentry"],"yoast_head":"<!-- This site is optimized with the Yoast SEO plugin v27.4 - https:\/\/yoast.com\/product\/yoast-seo-wordpress\/ -->\n<title>Collaborate With Us - CGCCable<\/title>\n<meta name=\"robots\" content=\"index, follow, max-snippet:-1, max-image-preview:large, max-video-preview:-1\" \/>\n<link rel=\"canonical\" href=\"https:\/\/cgccable.com\/de\/arbeiten-sie-mit-uns-zusammen\/?wmc-currency=USD\" \/>\n<meta property=\"og:locale\" content=\"de_DE\" \/>\n<meta property=\"og:type\" content=\"article\" \/>\n<meta property=\"og:title\" content=\"Collaborate With Us - CGCCable\" \/>\n<meta property=\"og:description\" content=\"Get In Touch If you\u2019ve got a question, we\u2019ve got the answer. Just choose your communication channel, reach out, and\" \/>\n<meta property=\"og:url\" content=\"https:\/\/cgccable.com\/de\/arbeiten-sie-mit-uns-zusammen\/?wmc-currency=USD\" \/>\n<meta property=\"og:site_name\" content=\"CGCCable\" \/>\n<meta property=\"article:publisher\" content=\"https:\/\/www.facebook.com\/profile.php?id=61579520740672\" \/>\n<meta property=\"article:modified_time\" content=\"2026-03-21T01:52:45+00:00\" \/>\n<meta property=\"og:image\" content=\"https:\/\/cgccable.com\/wp-content\/uploads\/2025\/09\/mail-open-outline.svg\" \/>\n<meta name=\"twitter:card\" content=\"summary_large_image\" \/>\n<meta name=\"twitter:label1\" content=\"Gesch\u00e4tzte Lesezeit\" \/>\n\t<meta name=\"twitter:data1\" content=\"1\u00a0Minute\" \/>\n<script type=\"application\/ld+json\" class=\"yoast-schema-graph\">{\"@context\":\"https:\\\/\\\/schema.org\",\"@graph\":[{\"@type\":\"WebPage\",\"@id\":\"https:\\\/\\\/cgccable.com\\\/collaborate-with-us\\\/\",\"url\":\"https:\\\/\\\/cgccable.com\\\/collaborate-with-us\\\/\",\"name\":\"Collaborate With Us - CGCCable\",\"isPartOf\":{\"@id\":\"https:\\\/\\\/cgccable.com\\\/#website\"},\"primaryImageOfPage\":{\"@id\":\"https:\\\/\\\/cgccable.com\\\/collaborate-with-us\\\/#primaryimage\"},\"image\":{\"@id\":\"https:\\\/\\\/cgccable.com\\\/collaborate-with-us\\\/#primaryimage\"},\"thumbnailUrl\":\"https:\\\/\\\/cgccable.com\\\/wp-content\\\/uploads\\\/2025\\\/09\\\/mail-open-outline.svg\",\"datePublished\":\"2021-10-12T16:27:24+00:00\",\"dateModified\":\"2026-03-21T01:52:45+00:00\",\"breadcrumb\":{\"@id\":\"https:\\\/\\\/cgccable.com\\\/collaborate-with-us\\\/#breadcrumb\"},\"inLanguage\":\"de\",\"potentialAction\":[{\"@type\":\"ReadAction\",\"target\":[\"https:\\\/\\\/cgccable.com\\\/collaborate-with-us\\\/\"]}]},{\"@type\":\"ImageObject\",\"inLanguage\":\"de\",\"@id\":\"https:\\\/\\\/cgccable.com\\\/collaborate-with-us\\\/#primaryimage\",\"url\":\"https:\\\/\\\/cgccable.com\\\/wp-content\\\/uploads\\\/2025\\\/09\\\/mail-open-outline.svg\",\"contentUrl\":\"https:\\\/\\\/cgccable.com\\\/wp-content\\\/uploads\\\/2025\\\/09\\\/mail-open-outline.svg\"},{\"@type\":\"BreadcrumbList\",\"@id\":\"https:\\\/\\\/cgccable.com\\\/collaborate-with-us\\\/#breadcrumb\",\"itemListElement\":[{\"@type\":\"ListItem\",\"position\":1,\"name\":\"Home\",\"item\":\"https:\\\/\\\/cgccable.com\\\/\"},{\"@type\":\"ListItem\",\"position\":2,\"name\":\"Collaborate With Us\"}]},{\"@type\":\"WebSite\",\"@id\":\"https:\\\/\\\/cgccable.com\\\/#website\",\"url\":\"https:\\\/\\\/cgccable.com\\\/\",\"name\":\"CGCCable\",\"description\":\"\",\"publisher\":{\"@id\":\"https:\\\/\\\/cgccable.com\\\/#organization\"},\"potentialAction\":[{\"@type\":\"SearchAction\",\"target\":{\"@type\":\"EntryPoint\",\"urlTemplate\":\"https:\\\/\\\/cgccable.com\\\/?s={search_term_string}\"},\"query-input\":{\"@type\":\"PropertyValueSpecification\",\"valueRequired\":true,\"valueName\":\"search_term_string\"}}],\"inLanguage\":\"de\"},{\"@type\":\"Organization\",\"@id\":\"https:\\\/\\\/cgccable.com\\\/#organization\",\"name\":\"CGCCable\",\"url\":\"https:\\\/\\\/cgccable.com\\\/\",\"logo\":{\"@type\":\"ImageObject\",\"inLanguage\":\"de\",\"@id\":\"https:\\\/\\\/cgccable.com\\\/#\\\/schema\\\/logo\\\/image\\\/\",\"url\":\"https:\\\/\\\/cgccable.com\\\/wp-content\\\/uploads\\\/2026\\\/03\\\/LOGO-CGC-scaled.png\",\"contentUrl\":\"https:\\\/\\\/cgccable.com\\\/wp-content\\\/uploads\\\/2026\\\/03\\\/LOGO-CGC-scaled.png\",\"width\":2124,\"height\":2560,\"caption\":\"CGCCable\"},\"image\":{\"@id\":\"https:\\\/\\\/cgccable.com\\\/#\\\/schema\\\/logo\\\/image\\\/\"},\"sameAs\":[\"https:\\\/\\\/www.facebook.com\\\/profile.php?id=61579520740672\"]}]}<\/script>\n<!-- \/ Yoast SEO plugin. -->","yoast_head_json":{"title":"Arbeiten Sie mit uns zusammen \u2013 CGCCable","robots":{"index":"index","follow":"follow","max-snippet":"max-snippet:-1","max-image-preview":"max-image-preview:large","max-video-preview":"max-video-preview:-1"},"canonical":"https:\/\/cgccable.com\/de\/arbeiten-sie-mit-uns-zusammen\/?wmc-currency=USD","og_locale":"de_DE","og_type":"article","og_title":"Collaborate With Us - CGCCable","og_description":"Get In Touch If you\u2019ve got a question, we\u2019ve got the answer. Just choose your communication channel, reach out, and","og_url":"https:\/\/cgccable.com\/de\/arbeiten-sie-mit-uns-zusammen\/?wmc-currency=USD","og_site_name":"CGCCable","article_publisher":"https:\/\/www.facebook.com\/profile.php?id=61579520740672","article_modified_time":"2026-03-21T01:52:45+00:00","og_image":[{"url":"https:\/\/cgccable.com\/wp-content\/uploads\/2025\/09\/mail-open-outline.svg","type":"","width":"","height":""}],"twitter_card":"summary_large_image","twitter_misc":{"Gesch\u00e4tzte Lesezeit":"1\u00a0Minute"},"schema":{"@context":"https:\/\/schema.org","@graph":[{"@type":"WebPage","@id":"https:\/\/cgccable.com\/collaborate-with-us\/","url":"https:\/\/cgccable.com\/collaborate-with-us\/","name":"Arbeiten Sie mit uns zusammen \u2013 CGCCable","isPartOf":{"@id":"https:\/\/cgccable.com\/#website"},"primaryImageOfPage":{"@id":"https:\/\/cgccable.com\/collaborate-with-us\/#primaryimage"},"image":{"@id":"https:\/\/cgccable.com\/collaborate-with-us\/#primaryimage"},"thumbnailUrl":"https:\/\/cgccable.com\/wp-content\/uploads\/2025\/09\/mail-open-outline.svg","datePublished":"2021-10-12T16:27:24+00:00","dateModified":"2026-03-21T01:52:45+00:00","breadcrumb":{"@id":"https:\/\/cgccable.com\/collaborate-with-us\/#breadcrumb"},"inLanguage":"de","potentialAction":[{"@type":"ReadAction","target":["https:\/\/cgccable.com\/collaborate-with-us\/"]}]},{"@type":"ImageObject","inLanguage":"de","@id":"https:\/\/cgccable.com\/collaborate-with-us\/#primaryimage","url":"https:\/\/cgccable.com\/wp-content\/uploads\/2025\/09\/mail-open-outline.svg","contentUrl":"https:\/\/cgccable.com\/wp-content\/uploads\/2025\/09\/mail-open-outline.svg"},{"@type":"BreadcrumbList","@id":"https:\/\/cgccable.com\/collaborate-with-us\/#breadcrumb","itemListElement":[{"@type":"ListItem","position":1,"name":"Home","item":"https:\/\/cgccable.com\/"},{"@type":"ListItem","position":2,"name":"Collaborate With Us"}]},{"@type":"WebSite","@id":"https:\/\/cgccable.com\/#website","url":"https:\/\/cgccable.com\/","name":"CGCC-f\u00e4hig","description":"","publisher":{"@id":"https:\/\/cgccable.com\/#organization"},"potentialAction":[{"@type":"SearchAction","target":{"@type":"EntryPoint","urlTemplate":"https:\/\/cgccable.com\/?s={search_term_string}"},"query-input":{"@type":"PropertyValueSpecification","valueRequired":true,"valueName":"search_term_string"}}],"inLanguage":"de"},{"@type":"Organization","@id":"https:\/\/cgccable.com\/#organization","name":"CGCC-f\u00e4hig","url":"https:\/\/cgccable.com\/","logo":{"@type":"ImageObject","inLanguage":"de","@id":"https:\/\/cgccable.com\/#\/schema\/logo\/image\/","url":"https:\/\/cgccable.com\/wp-content\/uploads\/2026\/03\/LOGO-CGC-scaled.png","contentUrl":"https:\/\/cgccable.com\/wp-content\/uploads\/2026\/03\/LOGO-CGC-scaled.png","width":2124,"height":2560,"caption":"CGCCable"},"image":{"@id":"https:\/\/cgccable.com\/#\/schema\/logo\/image\/"},"sameAs":["https:\/\/www.facebook.com\/profile.php?id=61579520740672"]}]}},"_links":{"self":[{"href":"https:\/\/cgccable.com\/de\/wp-json\/wp\/v2\/pages\/4439","targetHints":{"allow":["GET"]}}],"collection":[{"href":"https:\/\/cgccable.com\/de\/wp-json\/wp\/v2\/pages"}],"about":[{"href":"https:\/\/cgccable.com\/de\/wp-json\/wp\/v2\/types\/page"}],"author":[{"embeddable":true,"href":"https:\/\/cgccable.com\/de\/wp-json\/wp\/v2\/users\/1"}],"replies":[{"embeddable":true,"href":"https:\/\/cgccable.com\/de\/wp-json\/wp\/v2\/comments?post=4439"}],"version-history":[{"count":31,"href":"https:\/\/cgccable.com\/de\/wp-json\/wp\/v2\/pages\/4439\/revisions"}],"predecessor-version":[{"id":31614,"href":"https:\/\/cgccable.com\/de\/wp-json\/wp\/v2\/pages\/4439\/revisions\/31614"}],"wp:attachment":[{"href":"https:\/\/cgccable.com\/de\/wp-json\/wp\/v2\/media?parent=4439"}],"curies":[{"name":"wp","href":"https:\/\/api.w.org\/{rel}","templated":true}]}}