{"id":31583,"date":"2026-03-20T08:00:48","date_gmt":"2026-03-20T08:00:48","guid":{"rendered":"https:\/\/cgccable.com\/product\/10pcs-fuse-holders-mini-car-fuse-taps-fuse-tap-12v-car-add-a-circuit-fuse-tap-adapter-with-15a-fuse-mini-blade-fuse-holder-for-cars-trucks-boats\/"},"modified":"2026-03-20T08:02:11","modified_gmt":"2026-03-20T08:02:11","slug":"10-stuck-mini-sicherungshalter-fur-autos-12-v-sicherungsabgriffe-sicherungsadapter-mit-15-a-sicherung-mini-flachsicherungshalter-fur-autos-lkws-und-boote","status":"publish","type":"product","link":"https:\/\/cgccable.com\/de\/product\/10pcs-fuse-holders-mini-car-fuse-taps-fuse-tap-12v-car-add-a-circuit-fuse-tap-adapter-with-15a-fuse-mini-blade-fuse-holder-for-cars-trucks-boats\/","title":{"rendered":"10 St\u00fcck Sicherungshalter, Mini-Sicherungsabgriffe f\u00fcr Autos, 12-V-Sicherungsabgriff-Adapter mit 15-A-Sicherung, Mini-Flachsicherungshalter f\u00fcr Autos, LKWs und Boote"},"content":{"rendered":"","protected":false},"excerpt":{"rendered":"","protected":false},"featured_media":31582,"comment_status":"open","ping_status":"closed","template":"","meta":[],"product_brand":[368],"product_cat":[389],"product_tag":[],"class_list":{"0":"post-31583","1":"product","2":"type-product","3":"status-publish","4":"has-post-thumbnail","6":"product_brand-cgccable","7":"product_cat-automotive-fuses-auto-wiring-harness","9":"first","10":"instock","11":"sale","12":"shipping-taxable","13":"purchasable","14":"product-type-simple"},"yoast_head":"<!-- This site is optimized with the Yoast SEO plugin v27.3 - https:\/\/yoast.com\/product\/yoast-seo-wordpress\/ -->\n<title>10PCS Fuse Holders, Mini Car Fuse Taps, Fuse TAP 12V Car Add a Circuit Fuse TAP Adapter with 15A Fuse Mini Blade Fuse Holder for Cars Trucks Boats - CGCCable<\/title>\n<meta name=\"robots\" content=\"index, follow, max-snippet:-1, max-image-preview:large, max-video-preview:-1\" \/>\n<link rel=\"canonical\" href=\"https:\/\/cgccable.com\/de\/product\/10-stuck-mini-sicherungshalter-fur-autos-12-v-sicherungsabgriffe-sicherungsadapter-mit-15-a-sicherung-mini-flachsicherungshalter-fur-autos-lkws-und-boote\/?wmc-currency=USD\" \/>\n<meta property=\"og:locale\" content=\"de_DE\" \/>\n<meta property=\"og:type\" content=\"article\" \/>\n<meta property=\"og:title\" content=\"10PCS Fuse Holders, Mini Car Fuse Taps, Fuse TAP 12V Car Add a Circuit Fuse TAP Adapter with 15A Fuse Mini Blade Fuse Holder for Cars Trucks Boats - CGCCable\" \/>\n<meta property=\"og:url\" content=\"https:\/\/cgccable.com\/de\/product\/10-stuck-mini-sicherungshalter-fur-autos-12-v-sicherungsabgriffe-sicherungsadapter-mit-15-a-sicherung-mini-flachsicherungshalter-fur-autos-lkws-und-boote\/?wmc-currency=USD\" \/>\n<meta property=\"og:site_name\" content=\"CGCCable\" \/>\n<meta property=\"article:publisher\" content=\"https:\/\/www.facebook.com\/profile.php?id=61579520740672\" \/>\n<meta property=\"article:modified_time\" content=\"2026-03-20T08:02:11+00:00\" \/>\n<meta property=\"og:image\" content=\"https:\/\/cgccable.com\/wp-content\/uploads\/2026\/03\/262-Mini-01.jpg\" \/>\n\t<meta property=\"og:image:width\" content=\"1500\" \/>\n\t<meta property=\"og:image:height\" content=\"1500\" \/>\n\t<meta property=\"og:image:type\" content=\"image\/jpeg\" \/>\n<meta name=\"twitter:card\" content=\"summary_large_image\" \/>\n<script type=\"application\/ld+json\" class=\"yoast-schema-graph\">{\"@context\":\"https:\\\/\\\/schema.org\",\"@graph\":[{\"@type\":\"WebPage\",\"@id\":\"https:\\\/\\\/cgccable.com\\\/product\\\/10pcs-fuse-holders-mini-car-fuse-taps-fuse-tap-12v-car-add-a-circuit-fuse-tap-adapter-with-15a-fuse-mini-blade-fuse-holder-for-cars-trucks-boats\\\/\",\"url\":\"https:\\\/\\\/cgccable.com\\\/product\\\/10pcs-fuse-holders-mini-car-fuse-taps-fuse-tap-12v-car-add-a-circuit-fuse-tap-adapter-with-15a-fuse-mini-blade-fuse-holder-for-cars-trucks-boats\\\/\",\"name\":\"10PCS Fuse Holders, Mini Car Fuse Taps, Fuse TAP 12V Car Add a Circuit Fuse TAP Adapter with 15A Fuse Mini Blade Fuse Holder for Cars Trucks Boats - CGCCable\",\"isPartOf\":{\"@id\":\"https:\\\/\\\/cgccable.com\\\/#website\"},\"primaryImageOfPage\":{\"@id\":\"https:\\\/\\\/cgccable.com\\\/product\\\/10pcs-fuse-holders-mini-car-fuse-taps-fuse-tap-12v-car-add-a-circuit-fuse-tap-adapter-with-15a-fuse-mini-blade-fuse-holder-for-cars-trucks-boats\\\/#primaryimage\"},\"image\":{\"@id\":\"https:\\\/\\\/cgccable.com\\\/product\\\/10pcs-fuse-holders-mini-car-fuse-taps-fuse-tap-12v-car-add-a-circuit-fuse-tap-adapter-with-15a-fuse-mini-blade-fuse-holder-for-cars-trucks-boats\\\/#primaryimage\"},\"thumbnailUrl\":\"https:\\\/\\\/cgccable.com\\\/wp-content\\\/uploads\\\/2026\\\/03\\\/262-Mini-01.jpg\",\"datePublished\":\"2026-03-20T08:00:48+00:00\",\"dateModified\":\"2026-03-20T08:02:11+00:00\",\"breadcrumb\":{\"@id\":\"https:\\\/\\\/cgccable.com\\\/product\\\/10pcs-fuse-holders-mini-car-fuse-taps-fuse-tap-12v-car-add-a-circuit-fuse-tap-adapter-with-15a-fuse-mini-blade-fuse-holder-for-cars-trucks-boats\\\/#breadcrumb\"},\"inLanguage\":\"de\",\"potentialAction\":[{\"@type\":\"ReadAction\",\"target\":[\"https:\\\/\\\/cgccable.com\\\/product\\\/10pcs-fuse-holders-mini-car-fuse-taps-fuse-tap-12v-car-add-a-circuit-fuse-tap-adapter-with-15a-fuse-mini-blade-fuse-holder-for-cars-trucks-boats\\\/\"]}]},{\"@type\":\"ImageObject\",\"inLanguage\":\"de\",\"@id\":\"https:\\\/\\\/cgccable.com\\\/product\\\/10pcs-fuse-holders-mini-car-fuse-taps-fuse-tap-12v-car-add-a-circuit-fuse-tap-adapter-with-15a-fuse-mini-blade-fuse-holder-for-cars-trucks-boats\\\/#primaryimage\",\"url\":\"https:\\\/\\\/cgccable.com\\\/wp-content\\\/uploads\\\/2026\\\/03\\\/262-Mini-01.jpg\",\"contentUrl\":\"https:\\\/\\\/cgccable.com\\\/wp-content\\\/uploads\\\/2026\\\/03\\\/262-Mini-01.jpg\",\"width\":1500,\"height\":1500},{\"@type\":\"BreadcrumbList\",\"@id\":\"https:\\\/\\\/cgccable.com\\\/product\\\/10pcs-fuse-holders-mini-car-fuse-taps-fuse-tap-12v-car-add-a-circuit-fuse-tap-adapter-with-15a-fuse-mini-blade-fuse-holder-for-cars-trucks-boats\\\/#breadcrumb\",\"itemListElement\":[{\"@type\":\"ListItem\",\"position\":1,\"name\":\"Home\",\"item\":\"https:\\\/\\\/cgccable.com\\\/\"},{\"@type\":\"ListItem\",\"position\":2,\"name\":\"Shop\",\"item\":\"https:\\\/\\\/cgccable.com\\\/shop\\\/\"},{\"@type\":\"ListItem\",\"position\":3,\"name\":\"10PCS Fuse Holders, Mini Car Fuse Taps, Fuse TAP 12V Car Add a Circuit Fuse TAP Adapter with 15A Fuse Mini Blade Fuse Holder for Cars Trucks Boats\"}]},{\"@type\":\"WebSite\",\"@id\":\"https:\\\/\\\/cgccable.com\\\/#website\",\"url\":\"https:\\\/\\\/cgccable.com\\\/\",\"name\":\"CGCCable\",\"description\":\"\",\"publisher\":{\"@id\":\"https:\\\/\\\/cgccable.com\\\/#organization\"},\"potentialAction\":[{\"@type\":\"SearchAction\",\"target\":{\"@type\":\"EntryPoint\",\"urlTemplate\":\"https:\\\/\\\/cgccable.com\\\/?s={search_term_string}\"},\"query-input\":{\"@type\":\"PropertyValueSpecification\",\"valueRequired\":true,\"valueName\":\"search_term_string\"}}],\"inLanguage\":\"de\"},{\"@type\":\"Organization\",\"@id\":\"https:\\\/\\\/cgccable.com\\\/#organization\",\"name\":\"CGCCable\",\"url\":\"https:\\\/\\\/cgccable.com\\\/\",\"logo\":{\"@type\":\"ImageObject\",\"inLanguage\":\"de\",\"@id\":\"https:\\\/\\\/cgccable.com\\\/#\\\/schema\\\/logo\\\/image\\\/\",\"url\":\"https:\\\/\\\/cgccable.com\\\/wp-content\\\/uploads\\\/2026\\\/03\\\/LOGO-CGC-scaled.png\",\"contentUrl\":\"https:\\\/\\\/cgccable.com\\\/wp-content\\\/uploads\\\/2026\\\/03\\\/LOGO-CGC-scaled.png\",\"width\":2124,\"height\":2560,\"caption\":\"CGCCable\"},\"image\":{\"@id\":\"https:\\\/\\\/cgccable.com\\\/#\\\/schema\\\/logo\\\/image\\\/\"},\"sameAs\":[\"https:\\\/\\\/www.facebook.com\\\/profile.php?id=61579520740672\"]}]}<\/script>\n<!-- \/ Yoast SEO plugin. -->","yoast_head_json":{"title":"10 St\u00fcck Sicherungshalter, Mini-Sicherungsabgriffe f\u00fcr Autos, 12-V-Sicherungsabgriff-Adapter mit 15-A-Mini-Flachsicherung f\u00fcr Autos, LKWs und Boote \u2013 CGCC-f\u00e4hig","robots":{"index":"index","follow":"follow","max-snippet":"max-snippet:-1","max-image-preview":"max-image-preview:large","max-video-preview":"max-video-preview:-1"},"canonical":"https:\/\/cgccable.com\/de\/product\/10-stuck-mini-sicherungshalter-fur-autos-12-v-sicherungsabgriffe-sicherungsadapter-mit-15-a-sicherung-mini-flachsicherungshalter-fur-autos-lkws-und-boote\/?wmc-currency=USD","og_locale":"de_DE","og_type":"article","og_title":"10PCS Fuse Holders, Mini Car Fuse Taps, Fuse TAP 12V Car Add a Circuit Fuse TAP Adapter with 15A Fuse Mini Blade Fuse Holder for Cars Trucks Boats - CGCCable","og_url":"https:\/\/cgccable.com\/de\/product\/10-stuck-mini-sicherungshalter-fur-autos-12-v-sicherungsabgriffe-sicherungsadapter-mit-15-a-sicherung-mini-flachsicherungshalter-fur-autos-lkws-und-boote\/?wmc-currency=USD","og_site_name":"CGCCable","article_publisher":"https:\/\/www.facebook.com\/profile.php?id=61579520740672","article_modified_time":"2026-03-20T08:02:11+00:00","og_image":[{"width":1500,"height":1500,"url":"https:\/\/cgccable.com\/wp-content\/uploads\/2026\/03\/262-Mini-01.jpg","type":"image\/jpeg"}],"twitter_card":"summary_large_image","schema":{"@context":"https:\/\/schema.org","@graph":[{"@type":"WebPage","@id":"https:\/\/cgccable.com\/product\/10pcs-fuse-holders-mini-car-fuse-taps-fuse-tap-12v-car-add-a-circuit-fuse-tap-adapter-with-15a-fuse-mini-blade-fuse-holder-for-cars-trucks-boats\/","url":"https:\/\/cgccable.com\/product\/10pcs-fuse-holders-mini-car-fuse-taps-fuse-tap-12v-car-add-a-circuit-fuse-tap-adapter-with-15a-fuse-mini-blade-fuse-holder-for-cars-trucks-boats\/","name":"10 St\u00fcck Sicherungshalter, Mini-Sicherungsabgriffe f\u00fcr Autos, 12-V-Sicherungsabgriff-Adapter mit 15-A-Mini-Flachsicherung f\u00fcr Autos, LKWs und Boote \u2013 CGCC-f\u00e4hig","isPartOf":{"@id":"https:\/\/cgccable.com\/#website"},"primaryImageOfPage":{"@id":"https:\/\/cgccable.com\/product\/10pcs-fuse-holders-mini-car-fuse-taps-fuse-tap-12v-car-add-a-circuit-fuse-tap-adapter-with-15a-fuse-mini-blade-fuse-holder-for-cars-trucks-boats\/#primaryimage"},"image":{"@id":"https:\/\/cgccable.com\/product\/10pcs-fuse-holders-mini-car-fuse-taps-fuse-tap-12v-car-add-a-circuit-fuse-tap-adapter-with-15a-fuse-mini-blade-fuse-holder-for-cars-trucks-boats\/#primaryimage"},"thumbnailUrl":"https:\/\/cgccable.com\/wp-content\/uploads\/2026\/03\/262-Mini-01.jpg","datePublished":"2026-03-20T08:00:48+00:00","dateModified":"2026-03-20T08:02:11+00:00","breadcrumb":{"@id":"https:\/\/cgccable.com\/product\/10pcs-fuse-holders-mini-car-fuse-taps-fuse-tap-12v-car-add-a-circuit-fuse-tap-adapter-with-15a-fuse-mini-blade-fuse-holder-for-cars-trucks-boats\/#breadcrumb"},"inLanguage":"de","potentialAction":[{"@type":"ReadAction","target":["https:\/\/cgccable.com\/product\/10pcs-fuse-holders-mini-car-fuse-taps-fuse-tap-12v-car-add-a-circuit-fuse-tap-adapter-with-15a-fuse-mini-blade-fuse-holder-for-cars-trucks-boats\/"]}]},{"@type":"ImageObject","inLanguage":"de","@id":"https:\/\/cgccable.com\/product\/10pcs-fuse-holders-mini-car-fuse-taps-fuse-tap-12v-car-add-a-circuit-fuse-tap-adapter-with-15a-fuse-mini-blade-fuse-holder-for-cars-trucks-boats\/#primaryimage","url":"https:\/\/cgccable.com\/wp-content\/uploads\/2026\/03\/262-Mini-01.jpg","contentUrl":"https:\/\/cgccable.com\/wp-content\/uploads\/2026\/03\/262-Mini-01.jpg","width":1500,"height":1500},{"@type":"BreadcrumbList","@id":"https:\/\/cgccable.com\/product\/10pcs-fuse-holders-mini-car-fuse-taps-fuse-tap-12v-car-add-a-circuit-fuse-tap-adapter-with-15a-fuse-mini-blade-fuse-holder-for-cars-trucks-boats\/#breadcrumb","itemListElement":[{"@type":"ListItem","position":1,"name":"Home","item":"https:\/\/cgccable.com\/"},{"@type":"ListItem","position":2,"name":"Shop","item":"https:\/\/cgccable.com\/shop\/"},{"@type":"ListItem","position":3,"name":"10PCS Fuse Holders, Mini Car Fuse Taps, Fuse TAP 12V Car Add a Circuit Fuse TAP Adapter with 15A Fuse Mini Blade Fuse Holder for Cars Trucks Boats"}]},{"@type":"WebSite","@id":"https:\/\/cgccable.com\/#website","url":"https:\/\/cgccable.com\/","name":"CGCC-f\u00e4hig","description":"","publisher":{"@id":"https:\/\/cgccable.com\/#organization"},"potentialAction":[{"@type":"SearchAction","target":{"@type":"EntryPoint","urlTemplate":"https:\/\/cgccable.com\/?s={search_term_string}"},"query-input":{"@type":"PropertyValueSpecification","valueRequired":true,"valueName":"search_term_string"}}],"inLanguage":"de"},{"@type":"Organization","@id":"https:\/\/cgccable.com\/#organization","name":"CGCC-f\u00e4hig","url":"https:\/\/cgccable.com\/","logo":{"@type":"ImageObject","inLanguage":"de","@id":"https:\/\/cgccable.com\/#\/schema\/logo\/image\/","url":"https:\/\/cgccable.com\/wp-content\/uploads\/2026\/03\/LOGO-CGC-scaled.png","contentUrl":"https:\/\/cgccable.com\/wp-content\/uploads\/2026\/03\/LOGO-CGC-scaled.png","width":2124,"height":2560,"caption":"CGCCable"},"image":{"@id":"https:\/\/cgccable.com\/#\/schema\/logo\/image\/"},"sameAs":["https:\/\/www.facebook.com\/profile.php?id=61579520740672"]}]}},"_links":{"self":[{"href":"https:\/\/cgccable.com\/de\/wp-json\/wp\/v2\/product\/31583","targetHints":{"allow":["GET"]}}],"collection":[{"href":"https:\/\/cgccable.com\/de\/wp-json\/wp\/v2\/product"}],"about":[{"href":"https:\/\/cgccable.com\/de\/wp-json\/wp\/v2\/types\/product"}],"replies":[{"embeddable":true,"href":"https:\/\/cgccable.com\/de\/wp-json\/wp\/v2\/comments?post=31583"}],"version-history":[{"count":0,"href":"https:\/\/cgccable.com\/de\/wp-json\/wp\/v2\/product\/31583\/revisions"}],"wp:featuredmedia":[{"embeddable":true,"href":"https:\/\/cgccable.com\/de\/wp-json\/wp\/v2\/media\/31582"}],"wp:attachment":[{"href":"https:\/\/cgccable.com\/de\/wp-json\/wp\/v2\/media?parent=31583"}],"wp:term":[{"taxonomy":"product_brand","embeddable":true,"href":"https:\/\/cgccable.com\/de\/wp-json\/wp\/v2\/product_brand?post=31583"},{"taxonomy":"product_cat","embeddable":true,"href":"https:\/\/cgccable.com\/de\/wp-json\/wp\/v2\/product_cat?post=31583"},{"taxonomy":"product_tag","embeddable":true,"href":"https:\/\/cgccable.com\/de\/wp-json\/wp\/v2\/product_tag?post=31583"}],"curies":[{"name":"wp","href":"https:\/\/api.w.org\/{rel}","templated":true}]}}