{"id":31927,"date":"2026-03-21T07:25:39","date_gmt":"2026-03-21T07:25:39","guid":{"rendered":"https:\/\/cgccable.com\/product\/2pcs-speaker-connectors-gold-plated-6-35mm-1-4-male-to-3-5mm-1-8-female-stereo-audio-converter-adapter-hi-fi-audio-connector-for-aux-cable-guitar-amplifier-headphone-audio-equipment\/"},"modified":"2026-03-21T07:25:39","modified_gmt":"2026-03-21T07:25:39","slug":"2pcs-speaker-connectors-gold-plated-6-35mm-1-4-male-to-3-5mm-1-8-female-stereo-audio-converter-adapter-hi-fi-audio-connector-for-aux-cable-guitar-amplifier-headphone-audio-equipment","status":"publish","type":"product","link":"https:\/\/cgccable.com\/de\/product\/2pcs-speaker-connectors-gold-plated-6-35mm-1-4-male-to-3-5mm-1-8-female-stereo-audio-converter-adapter-hi-fi-audio-connector-for-aux-cable-guitar-amplifier-headphone-audio-equipment\/","title":{"rendered":"2 St\u00fcck Lautsprecherstecker, vergoldet, 6,35 mm (1\/4\u2033) Stecker auf 3,5 mm (1\/8\u2033) Buchse Stereo-Audio-Konverter-Adapter, Hi-Fi-Audioanschluss f\u00fcr AUX-Kabel, Gitarrenverst\u00e4rker, Kopfh\u00f6rer und Audioger\u00e4te"},"content":{"rendered":"","protected":false},"excerpt":{"rendered":"","protected":false},"featured_media":31917,"comment_status":"open","ping_status":"closed","template":"","meta":[],"product_brand":[368],"product_cat":[356],"product_tag":[],"class_list":{"0":"post-31927","1":"product","2":"type-product","3":"status-publish","4":"has-post-thumbnail","6":"product_brand-cgccable","7":"product_cat-universal-musical-instrument-accessories","9":"first","10":"instock","11":"sale","12":"shipping-taxable","13":"purchasable","14":"product-type-simple"},"yoast_head":"<!-- This site is optimized with the Yoast SEO plugin v27.3 - https:\/\/yoast.com\/product\/yoast-seo-wordpress\/ -->\n<title>2PCS Speaker Connectors, Gold-Plated 6.35mm 1\/4&quot; Male to 3.5mm 1\/8&quot; Female Stereo Audio Converter Adapter, Hi-Fi Audio Connector for AUX Cable Guitar Amplifier Headphone Audio Equipment - CGCCable<\/title>\n<meta name=\"robots\" content=\"index, follow, max-snippet:-1, max-image-preview:large, max-video-preview:-1\" \/>\n<link rel=\"canonical\" href=\"https:\/\/cgccable.com\/de\/product\/2pcs-speaker-connectors-gold-plated-6-35mm-1-4-male-to-3-5mm-1-8-female-stereo-audio-converter-adapter-hi-fi-audio-connector-for-aux-cable-guitar-amplifier-headphone-audio-equipment\/?wmc-currency=USD\" \/>\n<meta property=\"og:locale\" content=\"de_DE\" \/>\n<meta property=\"og:type\" content=\"article\" \/>\n<meta property=\"og:title\" content=\"2PCS Speaker Connectors, Gold-Plated 6.35mm 1\/4&quot; Male to 3.5mm 1\/8&quot; Female Stereo Audio Converter Adapter, Hi-Fi Audio Connector for AUX Cable Guitar Amplifier Headphone Audio Equipment - CGCCable\" \/>\n<meta property=\"og:url\" content=\"https:\/\/cgccable.com\/de\/product\/2pcs-speaker-connectors-gold-plated-6-35mm-1-4-male-to-3-5mm-1-8-female-stereo-audio-converter-adapter-hi-fi-audio-connector-for-aux-cable-guitar-amplifier-headphone-audio-equipment\/?wmc-currency=USD\" \/>\n<meta property=\"og:site_name\" content=\"CGCCable\" \/>\n<meta property=\"article:publisher\" content=\"https:\/\/www.facebook.com\/profile.php?id=61579520740672\" \/>\n<meta property=\"og:image\" content=\"https:\/\/cgccable.com\/wp-content\/uploads\/2026\/03\/036-1.jpg\" \/>\n\t<meta property=\"og:image:width\" content=\"1500\" \/>\n\t<meta property=\"og:image:height\" content=\"1500\" \/>\n\t<meta property=\"og:image:type\" content=\"image\/jpeg\" \/>\n<meta name=\"twitter:card\" content=\"summary_large_image\" \/>\n<script type=\"application\/ld+json\" class=\"yoast-schema-graph\">{\"@context\":\"https:\\\/\\\/schema.org\",\"@graph\":[{\"@type\":\"WebPage\",\"@id\":\"https:\\\/\\\/cgccable.com\\\/product\\\/2pcs-speaker-connectors-gold-plated-6-35mm-1-4-male-to-3-5mm-1-8-female-stereo-audio-converter-adapter-hi-fi-audio-connector-for-aux-cable-guitar-amplifier-headphone-audio-equipment\\\/\",\"url\":\"https:\\\/\\\/cgccable.com\\\/product\\\/2pcs-speaker-connectors-gold-plated-6-35mm-1-4-male-to-3-5mm-1-8-female-stereo-audio-converter-adapter-hi-fi-audio-connector-for-aux-cable-guitar-amplifier-headphone-audio-equipment\\\/\",\"name\":\"2PCS Speaker Connectors, Gold-Plated 6.35mm 1\\\/4\\\" Male to 3.5mm 1\\\/8\\\" Female Stereo Audio Converter Adapter, Hi-Fi Audio Connector for AUX Cable Guitar Amplifier Headphone Audio Equipment - CGCCable\",\"isPartOf\":{\"@id\":\"https:\\\/\\\/cgccable.com\\\/#website\"},\"primaryImageOfPage\":{\"@id\":\"https:\\\/\\\/cgccable.com\\\/product\\\/2pcs-speaker-connectors-gold-plated-6-35mm-1-4-male-to-3-5mm-1-8-female-stereo-audio-converter-adapter-hi-fi-audio-connector-for-aux-cable-guitar-amplifier-headphone-audio-equipment\\\/#primaryimage\"},\"image\":{\"@id\":\"https:\\\/\\\/cgccable.com\\\/product\\\/2pcs-speaker-connectors-gold-plated-6-35mm-1-4-male-to-3-5mm-1-8-female-stereo-audio-converter-adapter-hi-fi-audio-connector-for-aux-cable-guitar-amplifier-headphone-audio-equipment\\\/#primaryimage\"},\"thumbnailUrl\":\"https:\\\/\\\/cgccable.com\\\/wp-content\\\/uploads\\\/2026\\\/03\\\/036-1.jpg\",\"datePublished\":\"2026-03-21T07:25:39+00:00\",\"breadcrumb\":{\"@id\":\"https:\\\/\\\/cgccable.com\\\/product\\\/2pcs-speaker-connectors-gold-plated-6-35mm-1-4-male-to-3-5mm-1-8-female-stereo-audio-converter-adapter-hi-fi-audio-connector-for-aux-cable-guitar-amplifier-headphone-audio-equipment\\\/#breadcrumb\"},\"inLanguage\":\"de\",\"potentialAction\":[{\"@type\":\"ReadAction\",\"target\":[\"https:\\\/\\\/cgccable.com\\\/product\\\/2pcs-speaker-connectors-gold-plated-6-35mm-1-4-male-to-3-5mm-1-8-female-stereo-audio-converter-adapter-hi-fi-audio-connector-for-aux-cable-guitar-amplifier-headphone-audio-equipment\\\/\"]}]},{\"@type\":\"ImageObject\",\"inLanguage\":\"de\",\"@id\":\"https:\\\/\\\/cgccable.com\\\/product\\\/2pcs-speaker-connectors-gold-plated-6-35mm-1-4-male-to-3-5mm-1-8-female-stereo-audio-converter-adapter-hi-fi-audio-connector-for-aux-cable-guitar-amplifier-headphone-audio-equipment\\\/#primaryimage\",\"url\":\"https:\\\/\\\/cgccable.com\\\/wp-content\\\/uploads\\\/2026\\\/03\\\/036-1.jpg\",\"contentUrl\":\"https:\\\/\\\/cgccable.com\\\/wp-content\\\/uploads\\\/2026\\\/03\\\/036-1.jpg\",\"width\":1500,\"height\":1500},{\"@type\":\"BreadcrumbList\",\"@id\":\"https:\\\/\\\/cgccable.com\\\/product\\\/2pcs-speaker-connectors-gold-plated-6-35mm-1-4-male-to-3-5mm-1-8-female-stereo-audio-converter-adapter-hi-fi-audio-connector-for-aux-cable-guitar-amplifier-headphone-audio-equipment\\\/#breadcrumb\",\"itemListElement\":[{\"@type\":\"ListItem\",\"position\":1,\"name\":\"Home\",\"item\":\"https:\\\/\\\/cgccable.com\\\/\"},{\"@type\":\"ListItem\",\"position\":2,\"name\":\"Shop\",\"item\":\"https:\\\/\\\/cgccable.com\\\/shop\\\/\"},{\"@type\":\"ListItem\",\"position\":3,\"name\":\"2PCS Speaker Connectors, Gold-Plated 6.35mm 1\\\/4&#8243; Male to 3.5mm 1\\\/8&#8243; Female Stereo Audio Converter Adapter, Hi-Fi Audio Connector for AUX Cable Guitar Amplifier Headphone Audio Equipment\"}]},{\"@type\":\"WebSite\",\"@id\":\"https:\\\/\\\/cgccable.com\\\/#website\",\"url\":\"https:\\\/\\\/cgccable.com\\\/\",\"name\":\"CGCCable\",\"description\":\"\",\"publisher\":{\"@id\":\"https:\\\/\\\/cgccable.com\\\/#organization\"},\"potentialAction\":[{\"@type\":\"SearchAction\",\"target\":{\"@type\":\"EntryPoint\",\"urlTemplate\":\"https:\\\/\\\/cgccable.com\\\/?s={search_term_string}\"},\"query-input\":{\"@type\":\"PropertyValueSpecification\",\"valueRequired\":true,\"valueName\":\"search_term_string\"}}],\"inLanguage\":\"de\"},{\"@type\":\"Organization\",\"@id\":\"https:\\\/\\\/cgccable.com\\\/#organization\",\"name\":\"CGCCable\",\"url\":\"https:\\\/\\\/cgccable.com\\\/\",\"logo\":{\"@type\":\"ImageObject\",\"inLanguage\":\"de\",\"@id\":\"https:\\\/\\\/cgccable.com\\\/#\\\/schema\\\/logo\\\/image\\\/\",\"url\":\"https:\\\/\\\/cgccable.com\\\/wp-content\\\/uploads\\\/2026\\\/03\\\/LOGO-CGC-scaled.png\",\"contentUrl\":\"https:\\\/\\\/cgccable.com\\\/wp-content\\\/uploads\\\/2026\\\/03\\\/LOGO-CGC-scaled.png\",\"width\":2124,\"height\":2560,\"caption\":\"CGCCable\"},\"image\":{\"@id\":\"https:\\\/\\\/cgccable.com\\\/#\\\/schema\\\/logo\\\/image\\\/\"},\"sameAs\":[\"https:\\\/\\\/www.facebook.com\\\/profile.php?id=61579520740672\"]}]}<\/script>\n<!-- \/ Yoast SEO plugin. -->","yoast_head_json":{"title":"2PCS Speaker Connectors, Gold-Plated 6.35mm 1\/4\" Male to 3.5mm 1\/8\" Female Stereo Audio Converter Adapter, Hi-Fi Audio Connector for AUX Cable Guitar Amplifier Headphone Audio Equipment - CGCCable","robots":{"index":"index","follow":"follow","max-snippet":"max-snippet:-1","max-image-preview":"max-image-preview:large","max-video-preview":"max-video-preview:-1"},"canonical":"https:\/\/cgccable.com\/de\/product\/2pcs-speaker-connectors-gold-plated-6-35mm-1-4-male-to-3-5mm-1-8-female-stereo-audio-converter-adapter-hi-fi-audio-connector-for-aux-cable-guitar-amplifier-headphone-audio-equipment\/?wmc-currency=USD","og_locale":"de_DE","og_type":"article","og_title":"2PCS Speaker Connectors, Gold-Plated 6.35mm 1\/4\" Male to 3.5mm 1\/8\" Female Stereo Audio Converter Adapter, Hi-Fi Audio Connector for AUX Cable Guitar Amplifier Headphone Audio Equipment - CGCCable","og_url":"https:\/\/cgccable.com\/de\/product\/2pcs-speaker-connectors-gold-plated-6-35mm-1-4-male-to-3-5mm-1-8-female-stereo-audio-converter-adapter-hi-fi-audio-connector-for-aux-cable-guitar-amplifier-headphone-audio-equipment\/?wmc-currency=USD","og_site_name":"CGCCable","article_publisher":"https:\/\/www.facebook.com\/profile.php?id=61579520740672","og_image":[{"width":1500,"height":1500,"url":"https:\/\/cgccable.com\/wp-content\/uploads\/2026\/03\/036-1.jpg","type":"image\/jpeg"}],"twitter_card":"summary_large_image","schema":{"@context":"https:\/\/schema.org","@graph":[{"@type":"WebPage","@id":"https:\/\/cgccable.com\/product\/2pcs-speaker-connectors-gold-plated-6-35mm-1-4-male-to-3-5mm-1-8-female-stereo-audio-converter-adapter-hi-fi-audio-connector-for-aux-cable-guitar-amplifier-headphone-audio-equipment\/","url":"https:\/\/cgccable.com\/product\/2pcs-speaker-connectors-gold-plated-6-35mm-1-4-male-to-3-5mm-1-8-female-stereo-audio-converter-adapter-hi-fi-audio-connector-for-aux-cable-guitar-amplifier-headphone-audio-equipment\/","name":"2PCS Speaker Connectors, Gold-Plated 6.35mm 1\/4\" Male to 3.5mm 1\/8\" Female Stereo Audio Converter Adapter, Hi-Fi Audio Connector for AUX Cable Guitar Amplifier Headphone Audio Equipment - CGCCable","isPartOf":{"@id":"https:\/\/cgccable.com\/#website"},"primaryImageOfPage":{"@id":"https:\/\/cgccable.com\/product\/2pcs-speaker-connectors-gold-plated-6-35mm-1-4-male-to-3-5mm-1-8-female-stereo-audio-converter-adapter-hi-fi-audio-connector-for-aux-cable-guitar-amplifier-headphone-audio-equipment\/#primaryimage"},"image":{"@id":"https:\/\/cgccable.com\/product\/2pcs-speaker-connectors-gold-plated-6-35mm-1-4-male-to-3-5mm-1-8-female-stereo-audio-converter-adapter-hi-fi-audio-connector-for-aux-cable-guitar-amplifier-headphone-audio-equipment\/#primaryimage"},"thumbnailUrl":"https:\/\/cgccable.com\/wp-content\/uploads\/2026\/03\/036-1.jpg","datePublished":"2026-03-21T07:25:39+00:00","breadcrumb":{"@id":"https:\/\/cgccable.com\/product\/2pcs-speaker-connectors-gold-plated-6-35mm-1-4-male-to-3-5mm-1-8-female-stereo-audio-converter-adapter-hi-fi-audio-connector-for-aux-cable-guitar-amplifier-headphone-audio-equipment\/#breadcrumb"},"inLanguage":"de","potentialAction":[{"@type":"ReadAction","target":["https:\/\/cgccable.com\/product\/2pcs-speaker-connectors-gold-plated-6-35mm-1-4-male-to-3-5mm-1-8-female-stereo-audio-converter-adapter-hi-fi-audio-connector-for-aux-cable-guitar-amplifier-headphone-audio-equipment\/"]}]},{"@type":"ImageObject","inLanguage":"de","@id":"https:\/\/cgccable.com\/product\/2pcs-speaker-connectors-gold-plated-6-35mm-1-4-male-to-3-5mm-1-8-female-stereo-audio-converter-adapter-hi-fi-audio-connector-for-aux-cable-guitar-amplifier-headphone-audio-equipment\/#primaryimage","url":"https:\/\/cgccable.com\/wp-content\/uploads\/2026\/03\/036-1.jpg","contentUrl":"https:\/\/cgccable.com\/wp-content\/uploads\/2026\/03\/036-1.jpg","width":1500,"height":1500},{"@type":"BreadcrumbList","@id":"https:\/\/cgccable.com\/product\/2pcs-speaker-connectors-gold-plated-6-35mm-1-4-male-to-3-5mm-1-8-female-stereo-audio-converter-adapter-hi-fi-audio-connector-for-aux-cable-guitar-amplifier-headphone-audio-equipment\/#breadcrumb","itemListElement":[{"@type":"ListItem","position":1,"name":"Home","item":"https:\/\/cgccable.com\/"},{"@type":"ListItem","position":2,"name":"Shop","item":"https:\/\/cgccable.com\/shop\/"},{"@type":"ListItem","position":3,"name":"2PCS Speaker Connectors, Gold-Plated 6.35mm 1\/4&#8243; Male to 3.5mm 1\/8&#8243; Female Stereo Audio Converter Adapter, Hi-Fi Audio Connector for AUX Cable Guitar Amplifier Headphone Audio Equipment"}]},{"@type":"WebSite","@id":"https:\/\/cgccable.com\/#website","url":"https:\/\/cgccable.com\/","name":"CGCC-f\u00e4hig","description":"","publisher":{"@id":"https:\/\/cgccable.com\/#organization"},"potentialAction":[{"@type":"SearchAction","target":{"@type":"EntryPoint","urlTemplate":"https:\/\/cgccable.com\/?s={search_term_string}"},"query-input":{"@type":"PropertyValueSpecification","valueRequired":true,"valueName":"search_term_string"}}],"inLanguage":"de"},{"@type":"Organization","@id":"https:\/\/cgccable.com\/#organization","name":"CGCC-f\u00e4hig","url":"https:\/\/cgccable.com\/","logo":{"@type":"ImageObject","inLanguage":"de","@id":"https:\/\/cgccable.com\/#\/schema\/logo\/image\/","url":"https:\/\/cgccable.com\/wp-content\/uploads\/2026\/03\/LOGO-CGC-scaled.png","contentUrl":"https:\/\/cgccable.com\/wp-content\/uploads\/2026\/03\/LOGO-CGC-scaled.png","width":2124,"height":2560,"caption":"CGCCable"},"image":{"@id":"https:\/\/cgccable.com\/#\/schema\/logo\/image\/"},"sameAs":["https:\/\/www.facebook.com\/profile.php?id=61579520740672"]}]}},"_links":{"self":[{"href":"https:\/\/cgccable.com\/de\/wp-json\/wp\/v2\/product\/31927","targetHints":{"allow":["GET"]}}],"collection":[{"href":"https:\/\/cgccable.com\/de\/wp-json\/wp\/v2\/product"}],"about":[{"href":"https:\/\/cgccable.com\/de\/wp-json\/wp\/v2\/types\/product"}],"replies":[{"embeddable":true,"href":"https:\/\/cgccable.com\/de\/wp-json\/wp\/v2\/comments?post=31927"}],"version-history":[{"count":0,"href":"https:\/\/cgccable.com\/de\/wp-json\/wp\/v2\/product\/31927\/revisions"}],"wp:featuredmedia":[{"embeddable":true,"href":"https:\/\/cgccable.com\/de\/wp-json\/wp\/v2\/media\/31917"}],"wp:attachment":[{"href":"https:\/\/cgccable.com\/de\/wp-json\/wp\/v2\/media?parent=31927"}],"wp:term":[{"taxonomy":"product_brand","embeddable":true,"href":"https:\/\/cgccable.com\/de\/wp-json\/wp\/v2\/product_brand?post=31927"},{"taxonomy":"product_cat","embeddable":true,"href":"https:\/\/cgccable.com\/de\/wp-json\/wp\/v2\/product_cat?post=31927"},{"taxonomy":"product_tag","embeddable":true,"href":"https:\/\/cgccable.com\/de\/wp-json\/wp\/v2\/product_tag?post=31927"}],"curies":[{"name":"wp","href":"https:\/\/api.w.org\/{rel}","templated":true}]}}