{"id":32376,"date":"2026-03-21T07:42:35","date_gmt":"2026-03-21T07:42:35","guid":{"rendered":"https:\/\/cgccable.com\/product\/1pc-sae-quick-connect-harness-16awg-sae-quick-connect-extension-cable-sae-single-plug-dc-quick-disconnect-power-extension-cable-sae-extension-cable-for-motorcycles-solar-panels-tractors-etc\/"},"modified":"2026-03-21T07:42:47","modified_gmt":"2026-03-21T07:42:47","slug":"1-stuck-sae-schnellanschlusskabel-16-awg-sae-schnellanschluss-verlangerungskabel-mit-sae-einzelstecker-dc-schnellanschluss-verlangerungskabel-sae-verlangerungskabel-fur-motorrader-solaranlagen-tr","status":"publish","type":"product","link":"https:\/\/cgccable.com\/de\/product\/1pc-sae-quick-connect-harness-16awg-sae-quick-connect-extension-cable-sae-single-plug-dc-quick-disconnect-power-extension-cable-sae-extension-cable-for-motorcycles-solar-panels-tractors-etc\/","title":{"rendered":"1 St\u00fcck SAE-Schnellanschlusskabel, 16 AWG SAE-Schnellanschluss-Verl\u00e4ngerungskabel, SAE-Einzelstecker-Gleichstrom-Schnellanschluss-Verl\u00e4ngerungskabel, SAE-Verl\u00e4ngerungskabel f\u00fcr Motorr\u00e4der, Solaranlagen, Traktoren usw."},"content":{"rendered":"","protected":false},"excerpt":{"rendered":"","protected":false},"featured_media":32375,"comment_status":"open","ping_status":"closed","template":"","meta":[],"product_brand":[368],"product_cat":[366],"product_tag":[],"class_list":{"0":"post-32376","1":"product","2":"type-product","3":"status-publish","4":"has-post-thumbnail","6":"product_brand-cgccable","7":"product_cat-photovoltaic-adapter-cables","9":"first","10":"instock","11":"sale","12":"shipping-taxable","13":"purchasable","14":"product-type-simple"},"yoast_head":"<!-- This site is optimized with the Yoast SEO plugin v27.3 - https:\/\/yoast.com\/product\/yoast-seo-wordpress\/ -->\n<title>1PC SAE Quick Connect Harness, 16AWG SAE Quick Connect Extension Cable, SAE Single Plug DC Quick Disconnect Power Extension Cable, SAE Extension Cable For Motorcycles, Solar Panels, Tractors, Etc - CGCCable<\/title>\n<meta name=\"robots\" content=\"index, follow, max-snippet:-1, max-image-preview:large, max-video-preview:-1\" \/>\n<link rel=\"canonical\" href=\"https:\/\/cgccable.com\/de\/product\/1-stuck-sae-schnellanschlusskabel-16-awg-sae-schnellanschluss-verlangerungskabel-mit-sae-einzelstecker-dc-schnellanschluss-verlangerungskabel-sae-verlangerungskabel-fur-motorrader-solaranlagen-tr\/?wmc-currency=USD\" \/>\n<meta property=\"og:locale\" content=\"de_DE\" \/>\n<meta property=\"og:type\" content=\"article\" \/>\n<meta property=\"og:title\" content=\"1PC SAE Quick Connect Harness, 16AWG SAE Quick Connect Extension Cable, SAE Single Plug DC Quick Disconnect Power Extension Cable, SAE Extension Cable For Motorcycles, Solar Panels, Tractors, Etc - CGCCable\" \/>\n<meta property=\"og:url\" content=\"https:\/\/cgccable.com\/de\/product\/1-stuck-sae-schnellanschlusskabel-16-awg-sae-schnellanschluss-verlangerungskabel-mit-sae-einzelstecker-dc-schnellanschluss-verlangerungskabel-sae-verlangerungskabel-fur-motorrader-solaranlagen-tr\/?wmc-currency=USD\" \/>\n<meta property=\"og:site_name\" content=\"CGCCable\" \/>\n<meta property=\"article:publisher\" content=\"https:\/\/www.facebook.com\/profile.php?id=61579520740672\" \/>\n<meta property=\"article:modified_time\" content=\"2026-03-21T07:42:47+00:00\" \/>\n<meta property=\"og:image\" content=\"https:\/\/cgccable.com\/wp-content\/uploads\/2026\/03\/091-1.jpg\" \/>\n\t<meta property=\"og:image:width\" content=\"1500\" \/>\n\t<meta property=\"og:image:height\" content=\"1500\" \/>\n\t<meta property=\"og:image:type\" content=\"image\/jpeg\" \/>\n<meta name=\"twitter:card\" content=\"summary_large_image\" \/>\n<script type=\"application\/ld+json\" class=\"yoast-schema-graph\">{\"@context\":\"https:\\\/\\\/schema.org\",\"@graph\":[{\"@type\":\"WebPage\",\"@id\":\"https:\\\/\\\/cgccable.com\\\/product\\\/1pc-sae-quick-connect-harness-16awg-sae-quick-connect-extension-cable-sae-single-plug-dc-quick-disconnect-power-extension-cable-sae-extension-cable-for-motorcycles-solar-panels-tractors-etc\\\/\",\"url\":\"https:\\\/\\\/cgccable.com\\\/product\\\/1pc-sae-quick-connect-harness-16awg-sae-quick-connect-extension-cable-sae-single-plug-dc-quick-disconnect-power-extension-cable-sae-extension-cable-for-motorcycles-solar-panels-tractors-etc\\\/\",\"name\":\"1PC SAE Quick Connect Harness, 16AWG SAE Quick Connect Extension Cable, SAE Single Plug DC Quick Disconnect Power Extension Cable, SAE Extension Cable For Motorcycles, Solar Panels, Tractors, Etc - CGCCable\",\"isPartOf\":{\"@id\":\"https:\\\/\\\/cgccable.com\\\/#website\"},\"primaryImageOfPage\":{\"@id\":\"https:\\\/\\\/cgccable.com\\\/product\\\/1pc-sae-quick-connect-harness-16awg-sae-quick-connect-extension-cable-sae-single-plug-dc-quick-disconnect-power-extension-cable-sae-extension-cable-for-motorcycles-solar-panels-tractors-etc\\\/#primaryimage\"},\"image\":{\"@id\":\"https:\\\/\\\/cgccable.com\\\/product\\\/1pc-sae-quick-connect-harness-16awg-sae-quick-connect-extension-cable-sae-single-plug-dc-quick-disconnect-power-extension-cable-sae-extension-cable-for-motorcycles-solar-panels-tractors-etc\\\/#primaryimage\"},\"thumbnailUrl\":\"https:\\\/\\\/cgccable.com\\\/wp-content\\\/uploads\\\/2026\\\/03\\\/091-1.jpg\",\"datePublished\":\"2026-03-21T07:42:35+00:00\",\"dateModified\":\"2026-03-21T07:42:47+00:00\",\"breadcrumb\":{\"@id\":\"https:\\\/\\\/cgccable.com\\\/product\\\/1pc-sae-quick-connect-harness-16awg-sae-quick-connect-extension-cable-sae-single-plug-dc-quick-disconnect-power-extension-cable-sae-extension-cable-for-motorcycles-solar-panels-tractors-etc\\\/#breadcrumb\"},\"inLanguage\":\"de\",\"potentialAction\":[{\"@type\":\"ReadAction\",\"target\":[\"https:\\\/\\\/cgccable.com\\\/product\\\/1pc-sae-quick-connect-harness-16awg-sae-quick-connect-extension-cable-sae-single-plug-dc-quick-disconnect-power-extension-cable-sae-extension-cable-for-motorcycles-solar-panels-tractors-etc\\\/\"]}]},{\"@type\":\"ImageObject\",\"inLanguage\":\"de\",\"@id\":\"https:\\\/\\\/cgccable.com\\\/product\\\/1pc-sae-quick-connect-harness-16awg-sae-quick-connect-extension-cable-sae-single-plug-dc-quick-disconnect-power-extension-cable-sae-extension-cable-for-motorcycles-solar-panels-tractors-etc\\\/#primaryimage\",\"url\":\"https:\\\/\\\/cgccable.com\\\/wp-content\\\/uploads\\\/2026\\\/03\\\/091-1.jpg\",\"contentUrl\":\"https:\\\/\\\/cgccable.com\\\/wp-content\\\/uploads\\\/2026\\\/03\\\/091-1.jpg\",\"width\":1500,\"height\":1500},{\"@type\":\"BreadcrumbList\",\"@id\":\"https:\\\/\\\/cgccable.com\\\/product\\\/1pc-sae-quick-connect-harness-16awg-sae-quick-connect-extension-cable-sae-single-plug-dc-quick-disconnect-power-extension-cable-sae-extension-cable-for-motorcycles-solar-panels-tractors-etc\\\/#breadcrumb\",\"itemListElement\":[{\"@type\":\"ListItem\",\"position\":1,\"name\":\"Home\",\"item\":\"https:\\\/\\\/cgccable.com\\\/\"},{\"@type\":\"ListItem\",\"position\":2,\"name\":\"Shop\",\"item\":\"https:\\\/\\\/cgccable.com\\\/shop\\\/\"},{\"@type\":\"ListItem\",\"position\":3,\"name\":\"1PC SAE Quick Connect Harness, 16AWG SAE Quick Connect Extension Cable, SAE Single Plug DC Quick Disconnect Power Extension Cable, SAE Extension Cable For Motorcycles, Solar Panels, Tractors, Etc\"}]},{\"@type\":\"WebSite\",\"@id\":\"https:\\\/\\\/cgccable.com\\\/#website\",\"url\":\"https:\\\/\\\/cgccable.com\\\/\",\"name\":\"CGCCable\",\"description\":\"\",\"publisher\":{\"@id\":\"https:\\\/\\\/cgccable.com\\\/#organization\"},\"potentialAction\":[{\"@type\":\"SearchAction\",\"target\":{\"@type\":\"EntryPoint\",\"urlTemplate\":\"https:\\\/\\\/cgccable.com\\\/?s={search_term_string}\"},\"query-input\":{\"@type\":\"PropertyValueSpecification\",\"valueRequired\":true,\"valueName\":\"search_term_string\"}}],\"inLanguage\":\"de\"},{\"@type\":\"Organization\",\"@id\":\"https:\\\/\\\/cgccable.com\\\/#organization\",\"name\":\"CGCCable\",\"url\":\"https:\\\/\\\/cgccable.com\\\/\",\"logo\":{\"@type\":\"ImageObject\",\"inLanguage\":\"de\",\"@id\":\"https:\\\/\\\/cgccable.com\\\/#\\\/schema\\\/logo\\\/image\\\/\",\"url\":\"https:\\\/\\\/cgccable.com\\\/wp-content\\\/uploads\\\/2026\\\/03\\\/LOGO-CGC-scaled.png\",\"contentUrl\":\"https:\\\/\\\/cgccable.com\\\/wp-content\\\/uploads\\\/2026\\\/03\\\/LOGO-CGC-scaled.png\",\"width\":2124,\"height\":2560,\"caption\":\"CGCCable\"},\"image\":{\"@id\":\"https:\\\/\\\/cgccable.com\\\/#\\\/schema\\\/logo\\\/image\\\/\"},\"sameAs\":[\"https:\\\/\\\/www.facebook.com\\\/profile.php?id=61579520740672\"]}]}<\/script>\n<!-- \/ Yoast SEO plugin. -->","yoast_head_json":{"title":"1 St\u00fcck SAE-Schnellanschlusskabel, 16 AWG SAE-Schnellanschluss-Verl\u00e4ngerungskabel, SAE-Gleichstrom-Schnellanschluss-Verl\u00e4ngerungskabel mit Einzelstecker, SAE-Verl\u00e4ngerungskabel f\u00fcr Motorr\u00e4der, Solaranlagen, Traktoren usw. \u2013 CGCCable","robots":{"index":"index","follow":"follow","max-snippet":"max-snippet:-1","max-image-preview":"max-image-preview:large","max-video-preview":"max-video-preview:-1"},"canonical":"https:\/\/cgccable.com\/de\/product\/1-stuck-sae-schnellanschlusskabel-16-awg-sae-schnellanschluss-verlangerungskabel-mit-sae-einzelstecker-dc-schnellanschluss-verlangerungskabel-sae-verlangerungskabel-fur-motorrader-solaranlagen-tr\/?wmc-currency=USD","og_locale":"de_DE","og_type":"article","og_title":"1PC SAE Quick Connect Harness, 16AWG SAE Quick Connect Extension Cable, SAE Single Plug DC Quick Disconnect Power Extension Cable, SAE Extension Cable For Motorcycles, Solar Panels, Tractors, Etc - CGCCable","og_url":"https:\/\/cgccable.com\/de\/product\/1-stuck-sae-schnellanschlusskabel-16-awg-sae-schnellanschluss-verlangerungskabel-mit-sae-einzelstecker-dc-schnellanschluss-verlangerungskabel-sae-verlangerungskabel-fur-motorrader-solaranlagen-tr\/?wmc-currency=USD","og_site_name":"CGCCable","article_publisher":"https:\/\/www.facebook.com\/profile.php?id=61579520740672","article_modified_time":"2026-03-21T07:42:47+00:00","og_image":[{"width":1500,"height":1500,"url":"https:\/\/cgccable.com\/wp-content\/uploads\/2026\/03\/091-1.jpg","type":"image\/jpeg"}],"twitter_card":"summary_large_image","schema":{"@context":"https:\/\/schema.org","@graph":[{"@type":"WebPage","@id":"https:\/\/cgccable.com\/product\/1pc-sae-quick-connect-harness-16awg-sae-quick-connect-extension-cable-sae-single-plug-dc-quick-disconnect-power-extension-cable-sae-extension-cable-for-motorcycles-solar-panels-tractors-etc\/","url":"https:\/\/cgccable.com\/product\/1pc-sae-quick-connect-harness-16awg-sae-quick-connect-extension-cable-sae-single-plug-dc-quick-disconnect-power-extension-cable-sae-extension-cable-for-motorcycles-solar-panels-tractors-etc\/","name":"1 St\u00fcck SAE-Schnellanschlusskabel, 16 AWG SAE-Schnellanschluss-Verl\u00e4ngerungskabel, SAE-Gleichstrom-Schnellanschluss-Verl\u00e4ngerungskabel mit Einzelstecker, SAE-Verl\u00e4ngerungskabel f\u00fcr Motorr\u00e4der, Solaranlagen, Traktoren usw. \u2013 CGCCable","isPartOf":{"@id":"https:\/\/cgccable.com\/#website"},"primaryImageOfPage":{"@id":"https:\/\/cgccable.com\/product\/1pc-sae-quick-connect-harness-16awg-sae-quick-connect-extension-cable-sae-single-plug-dc-quick-disconnect-power-extension-cable-sae-extension-cable-for-motorcycles-solar-panels-tractors-etc\/#primaryimage"},"image":{"@id":"https:\/\/cgccable.com\/product\/1pc-sae-quick-connect-harness-16awg-sae-quick-connect-extension-cable-sae-single-plug-dc-quick-disconnect-power-extension-cable-sae-extension-cable-for-motorcycles-solar-panels-tractors-etc\/#primaryimage"},"thumbnailUrl":"https:\/\/cgccable.com\/wp-content\/uploads\/2026\/03\/091-1.jpg","datePublished":"2026-03-21T07:42:35+00:00","dateModified":"2026-03-21T07:42:47+00:00","breadcrumb":{"@id":"https:\/\/cgccable.com\/product\/1pc-sae-quick-connect-harness-16awg-sae-quick-connect-extension-cable-sae-single-plug-dc-quick-disconnect-power-extension-cable-sae-extension-cable-for-motorcycles-solar-panels-tractors-etc\/#breadcrumb"},"inLanguage":"de","potentialAction":[{"@type":"ReadAction","target":["https:\/\/cgccable.com\/product\/1pc-sae-quick-connect-harness-16awg-sae-quick-connect-extension-cable-sae-single-plug-dc-quick-disconnect-power-extension-cable-sae-extension-cable-for-motorcycles-solar-panels-tractors-etc\/"]}]},{"@type":"ImageObject","inLanguage":"de","@id":"https:\/\/cgccable.com\/product\/1pc-sae-quick-connect-harness-16awg-sae-quick-connect-extension-cable-sae-single-plug-dc-quick-disconnect-power-extension-cable-sae-extension-cable-for-motorcycles-solar-panels-tractors-etc\/#primaryimage","url":"https:\/\/cgccable.com\/wp-content\/uploads\/2026\/03\/091-1.jpg","contentUrl":"https:\/\/cgccable.com\/wp-content\/uploads\/2026\/03\/091-1.jpg","width":1500,"height":1500},{"@type":"BreadcrumbList","@id":"https:\/\/cgccable.com\/product\/1pc-sae-quick-connect-harness-16awg-sae-quick-connect-extension-cable-sae-single-plug-dc-quick-disconnect-power-extension-cable-sae-extension-cable-for-motorcycles-solar-panels-tractors-etc\/#breadcrumb","itemListElement":[{"@type":"ListItem","position":1,"name":"Home","item":"https:\/\/cgccable.com\/"},{"@type":"ListItem","position":2,"name":"Shop","item":"https:\/\/cgccable.com\/shop\/"},{"@type":"ListItem","position":3,"name":"1PC SAE Quick Connect Harness, 16AWG SAE Quick Connect Extension Cable, SAE Single Plug DC Quick Disconnect Power Extension Cable, SAE Extension Cable For Motorcycles, Solar Panels, Tractors, Etc"}]},{"@type":"WebSite","@id":"https:\/\/cgccable.com\/#website","url":"https:\/\/cgccable.com\/","name":"CGCC-f\u00e4hig","description":"","publisher":{"@id":"https:\/\/cgccable.com\/#organization"},"potentialAction":[{"@type":"SearchAction","target":{"@type":"EntryPoint","urlTemplate":"https:\/\/cgccable.com\/?s={search_term_string}"},"query-input":{"@type":"PropertyValueSpecification","valueRequired":true,"valueName":"search_term_string"}}],"inLanguage":"de"},{"@type":"Organization","@id":"https:\/\/cgccable.com\/#organization","name":"CGCC-f\u00e4hig","url":"https:\/\/cgccable.com\/","logo":{"@type":"ImageObject","inLanguage":"de","@id":"https:\/\/cgccable.com\/#\/schema\/logo\/image\/","url":"https:\/\/cgccable.com\/wp-content\/uploads\/2026\/03\/LOGO-CGC-scaled.png","contentUrl":"https:\/\/cgccable.com\/wp-content\/uploads\/2026\/03\/LOGO-CGC-scaled.png","width":2124,"height":2560,"caption":"CGCCable"},"image":{"@id":"https:\/\/cgccable.com\/#\/schema\/logo\/image\/"},"sameAs":["https:\/\/www.facebook.com\/profile.php?id=61579520740672"]}]}},"_links":{"self":[{"href":"https:\/\/cgccable.com\/de\/wp-json\/wp\/v2\/product\/32376","targetHints":{"allow":["GET"]}}],"collection":[{"href":"https:\/\/cgccable.com\/de\/wp-json\/wp\/v2\/product"}],"about":[{"href":"https:\/\/cgccable.com\/de\/wp-json\/wp\/v2\/types\/product"}],"replies":[{"embeddable":true,"href":"https:\/\/cgccable.com\/de\/wp-json\/wp\/v2\/comments?post=32376"}],"version-history":[{"count":0,"href":"https:\/\/cgccable.com\/de\/wp-json\/wp\/v2\/product\/32376\/revisions"}],"wp:featuredmedia":[{"embeddable":true,"href":"https:\/\/cgccable.com\/de\/wp-json\/wp\/v2\/media\/32375"}],"wp:attachment":[{"href":"https:\/\/cgccable.com\/de\/wp-json\/wp\/v2\/media?parent=32376"}],"wp:term":[{"taxonomy":"product_brand","embeddable":true,"href":"https:\/\/cgccable.com\/de\/wp-json\/wp\/v2\/product_brand?post=32376"},{"taxonomy":"product_cat","embeddable":true,"href":"https:\/\/cgccable.com\/de\/wp-json\/wp\/v2\/product_cat?post=32376"},{"taxonomy":"product_tag","embeddable":true,"href":"https:\/\/cgccable.com\/de\/wp-json\/wp\/v2\/product_tag?post=32376"}],"curies":[{"name":"wp","href":"https:\/\/api.w.org\/{rel}","templated":true}]}}