{"id":31635,"date":"2026-03-21T02:40:06","date_gmt":"2026-03-21T02:40:06","guid":{"rendered":"https:\/\/cgccable.com\/product\/1pc-3-5mm-male-to-male-adapter-metal-silver-3-pole-1-8-inch-trs-stereo-jack-connector-for-laptop-mp3-miniature-tv-tuning-equipment-car-audio-devices\/"},"modified":"2026-03-21T02:43:21","modified_gmt":"2026-03-21T02:43:21","slug":"1pc-3-5mm-male-to-male-adapter-metal-silver-3-pole-1-8-inch-trs-stereo-jack-connector-for-laptop-mp3-miniature-tv-tuning-equipment-car-audio-devices","status":"publish","type":"product","link":"https:\/\/cgccable.com\/es\/product\/1pc-3-5mm-male-to-male-adapter-metal-silver-3-pole-1-8-inch-trs-stereo-jack-connector-for-laptop-mp3-miniature-tv-tuning-equipment-car-audio-devices\/","title":{"rendered":"1 adaptador macho a macho de 3,5 mm, conector jack est\u00e9reo TRS de 3 polos y 1\/8 de pulgada, de metal plateado, para port\u00e1tiles, reproductores MP3, equipos de sintonizaci\u00f3n de TV en miniatura y dispositivos de audio para autom\u00f3viles."},"content":{"rendered":"","protected":false},"excerpt":{"rendered":"","protected":false},"featured_media":31634,"comment_status":"open","ping_status":"closed","template":"","meta":[],"product_brand":[368],"product_cat":[356],"product_tag":[],"class_list":{"0":"post-31635","1":"product","2":"type-product","3":"status-publish","4":"has-post-thumbnail","6":"product_brand-cgccable","7":"product_cat-universal-musical-instrument-accessories","9":"first","10":"instock","11":"shipping-taxable","12":"product-type-grouped"},"yoast_head":"<!-- This site is optimized with the Yoast SEO plugin v27.3 - https:\/\/yoast.com\/product\/yoast-seo-wordpress\/ -->\n<title>1PC 3.5mm Male To Male Adapter, Metal Silver 3 Pole 1\/8 inch TRS Stereo Jack Connector, for Laptop MP3 Miniature TV Tuning Equipment Car Audio Devices - CGCCable<\/title>\n<meta name=\"robots\" content=\"index, follow, max-snippet:-1, max-image-preview:large, max-video-preview:-1\" \/>\n<link rel=\"canonical\" href=\"https:\/\/cgccable.com\/es\/product\/1pc-3-5mm-male-to-male-adapter-metal-silver-3-pole-1-8-inch-trs-stereo-jack-connector-for-laptop-mp3-miniature-tv-tuning-equipment-car-audio-devices\/?wmc-currency=USD\" \/>\n<meta property=\"og:locale\" content=\"es_ES\" \/>\n<meta property=\"og:type\" content=\"article\" \/>\n<meta property=\"og:title\" content=\"1PC 3.5mm Male To Male Adapter, Metal Silver 3 Pole 1\/8 inch TRS Stereo Jack Connector, for Laptop MP3 Miniature TV Tuning Equipment Car Audio Devices - CGCCable\" \/>\n<meta property=\"og:url\" content=\"https:\/\/cgccable.com\/es\/product\/1pc-3-5mm-male-to-male-adapter-metal-silver-3-pole-1-8-inch-trs-stereo-jack-connector-for-laptop-mp3-miniature-tv-tuning-equipment-car-audio-devices\/?wmc-currency=USD\" \/>\n<meta property=\"og:site_name\" content=\"CGCCable\" \/>\n<meta property=\"article:publisher\" content=\"https:\/\/www.facebook.com\/profile.php?id=61579520740672\" \/>\n<meta property=\"article:modified_time\" content=\"2026-03-21T02:43:21+00:00\" \/>\n<meta property=\"og:image\" content=\"https:\/\/cgccable.com\/wp-content\/uploads\/2026\/03\/053-1.jpg\" \/>\n\t<meta property=\"og:image:width\" content=\"1500\" \/>\n\t<meta property=\"og:image:height\" content=\"1500\" \/>\n\t<meta property=\"og:image:type\" content=\"image\/jpeg\" \/>\n<meta name=\"twitter:card\" content=\"summary_large_image\" \/>\n<script type=\"application\/ld+json\" class=\"yoast-schema-graph\">{\"@context\":\"https:\\\/\\\/schema.org\",\"@graph\":[{\"@type\":\"WebPage\",\"@id\":\"https:\\\/\\\/cgccable.com\\\/product\\\/1pc-3-5mm-male-to-male-adapter-metal-silver-3-pole-1-8-inch-trs-stereo-jack-connector-for-laptop-mp3-miniature-tv-tuning-equipment-car-audio-devices\\\/\",\"url\":\"https:\\\/\\\/cgccable.com\\\/product\\\/1pc-3-5mm-male-to-male-adapter-metal-silver-3-pole-1-8-inch-trs-stereo-jack-connector-for-laptop-mp3-miniature-tv-tuning-equipment-car-audio-devices\\\/\",\"name\":\"1PC 3.5mm Male To Male Adapter, Metal Silver 3 Pole 1\\\/8 inch TRS Stereo Jack Connector, for Laptop MP3 Miniature TV Tuning Equipment Car Audio Devices - CGCCable\",\"isPartOf\":{\"@id\":\"https:\\\/\\\/cgccable.com\\\/#website\"},\"primaryImageOfPage\":{\"@id\":\"https:\\\/\\\/cgccable.com\\\/product\\\/1pc-3-5mm-male-to-male-adapter-metal-silver-3-pole-1-8-inch-trs-stereo-jack-connector-for-laptop-mp3-miniature-tv-tuning-equipment-car-audio-devices\\\/#primaryimage\"},\"image\":{\"@id\":\"https:\\\/\\\/cgccable.com\\\/product\\\/1pc-3-5mm-male-to-male-adapter-metal-silver-3-pole-1-8-inch-trs-stereo-jack-connector-for-laptop-mp3-miniature-tv-tuning-equipment-car-audio-devices\\\/#primaryimage\"},\"thumbnailUrl\":\"https:\\\/\\\/cgccable.com\\\/wp-content\\\/uploads\\\/2026\\\/03\\\/053-1.jpg\",\"datePublished\":\"2026-03-21T02:40:06+00:00\",\"dateModified\":\"2026-03-21T02:43:21+00:00\",\"breadcrumb\":{\"@id\":\"https:\\\/\\\/cgccable.com\\\/product\\\/1pc-3-5mm-male-to-male-adapter-metal-silver-3-pole-1-8-inch-trs-stereo-jack-connector-for-laptop-mp3-miniature-tv-tuning-equipment-car-audio-devices\\\/#breadcrumb\"},\"inLanguage\":\"es\",\"potentialAction\":[{\"@type\":\"ReadAction\",\"target\":[\"https:\\\/\\\/cgccable.com\\\/product\\\/1pc-3-5mm-male-to-male-adapter-metal-silver-3-pole-1-8-inch-trs-stereo-jack-connector-for-laptop-mp3-miniature-tv-tuning-equipment-car-audio-devices\\\/\"]}]},{\"@type\":\"ImageObject\",\"inLanguage\":\"es\",\"@id\":\"https:\\\/\\\/cgccable.com\\\/product\\\/1pc-3-5mm-male-to-male-adapter-metal-silver-3-pole-1-8-inch-trs-stereo-jack-connector-for-laptop-mp3-miniature-tv-tuning-equipment-car-audio-devices\\\/#primaryimage\",\"url\":\"https:\\\/\\\/cgccable.com\\\/wp-content\\\/uploads\\\/2026\\\/03\\\/053-1.jpg\",\"contentUrl\":\"https:\\\/\\\/cgccable.com\\\/wp-content\\\/uploads\\\/2026\\\/03\\\/053-1.jpg\",\"width\":1500,\"height\":1500},{\"@type\":\"BreadcrumbList\",\"@id\":\"https:\\\/\\\/cgccable.com\\\/product\\\/1pc-3-5mm-male-to-male-adapter-metal-silver-3-pole-1-8-inch-trs-stereo-jack-connector-for-laptop-mp3-miniature-tv-tuning-equipment-car-audio-devices\\\/#breadcrumb\",\"itemListElement\":[{\"@type\":\"ListItem\",\"position\":1,\"name\":\"Home\",\"item\":\"https:\\\/\\\/cgccable.com\\\/\"},{\"@type\":\"ListItem\",\"position\":2,\"name\":\"Shop\",\"item\":\"https:\\\/\\\/cgccable.com\\\/shop\\\/\"},{\"@type\":\"ListItem\",\"position\":3,\"name\":\"1PC 3.5mm Male To Male Adapter, Metal Silver 3 Pole 1\\\/8 inch TRS Stereo Jack Connector, for Laptop MP3 Miniature TV Tuning Equipment Car Audio Devices\"}]},{\"@type\":\"WebSite\",\"@id\":\"https:\\\/\\\/cgccable.com\\\/#website\",\"url\":\"https:\\\/\\\/cgccable.com\\\/\",\"name\":\"CGCCable\",\"description\":\"\",\"publisher\":{\"@id\":\"https:\\\/\\\/cgccable.com\\\/#organization\"},\"potentialAction\":[{\"@type\":\"SearchAction\",\"target\":{\"@type\":\"EntryPoint\",\"urlTemplate\":\"https:\\\/\\\/cgccable.com\\\/?s={search_term_string}\"},\"query-input\":{\"@type\":\"PropertyValueSpecification\",\"valueRequired\":true,\"valueName\":\"search_term_string\"}}],\"inLanguage\":\"es\"},{\"@type\":\"Organization\",\"@id\":\"https:\\\/\\\/cgccable.com\\\/#organization\",\"name\":\"CGCCable\",\"url\":\"https:\\\/\\\/cgccable.com\\\/\",\"logo\":{\"@type\":\"ImageObject\",\"inLanguage\":\"es\",\"@id\":\"https:\\\/\\\/cgccable.com\\\/#\\\/schema\\\/logo\\\/image\\\/\",\"url\":\"https:\\\/\\\/cgccable.com\\\/wp-content\\\/uploads\\\/2026\\\/03\\\/LOGO-CGC-scaled.png\",\"contentUrl\":\"https:\\\/\\\/cgccable.com\\\/wp-content\\\/uploads\\\/2026\\\/03\\\/LOGO-CGC-scaled.png\",\"width\":2124,\"height\":2560,\"caption\":\"CGCCable\"},\"image\":{\"@id\":\"https:\\\/\\\/cgccable.com\\\/#\\\/schema\\\/logo\\\/image\\\/\"},\"sameAs\":[\"https:\\\/\\\/www.facebook.com\\\/profile.php?id=61579520740672\"]}]}<\/script>\n<!-- \/ Yoast SEO plugin. -->","yoast_head_json":{"title":"1PC 3.5mm Male To Male Adapter, Metal Silver 3 Pole 1\/8 inch TRS Stereo Jack Connector, for Laptop MP3 Miniature TV Tuning Equipment Car Audio Devices - CGCCable","robots":{"index":"index","follow":"follow","max-snippet":"max-snippet:-1","max-image-preview":"max-image-preview:large","max-video-preview":"max-video-preview:-1"},"canonical":"https:\/\/cgccable.com\/es\/product\/1pc-3-5mm-male-to-male-adapter-metal-silver-3-pole-1-8-inch-trs-stereo-jack-connector-for-laptop-mp3-miniature-tv-tuning-equipment-car-audio-devices\/?wmc-currency=USD","og_locale":"es_ES","og_type":"article","og_title":"1PC 3.5mm Male To Male Adapter, Metal Silver 3 Pole 1\/8 inch TRS Stereo Jack Connector, for Laptop MP3 Miniature TV Tuning Equipment Car Audio Devices - CGCCable","og_url":"https:\/\/cgccable.com\/es\/product\/1pc-3-5mm-male-to-male-adapter-metal-silver-3-pole-1-8-inch-trs-stereo-jack-connector-for-laptop-mp3-miniature-tv-tuning-equipment-car-audio-devices\/?wmc-currency=USD","og_site_name":"CGCCable","article_publisher":"https:\/\/www.facebook.com\/profile.php?id=61579520740672","article_modified_time":"2026-03-21T02:43:21+00:00","og_image":[{"width":1500,"height":1500,"url":"https:\/\/cgccable.com\/wp-content\/uploads\/2026\/03\/053-1.jpg","type":"image\/jpeg"}],"twitter_card":"summary_large_image","schema":{"@context":"https:\/\/schema.org","@graph":[{"@type":"WebPage","@id":"https:\/\/cgccable.com\/product\/1pc-3-5mm-male-to-male-adapter-metal-silver-3-pole-1-8-inch-trs-stereo-jack-connector-for-laptop-mp3-miniature-tv-tuning-equipment-car-audio-devices\/","url":"https:\/\/cgccable.com\/product\/1pc-3-5mm-male-to-male-adapter-metal-silver-3-pole-1-8-inch-trs-stereo-jack-connector-for-laptop-mp3-miniature-tv-tuning-equipment-car-audio-devices\/","name":"1PC 3.5mm Male To Male Adapter, Metal Silver 3 Pole 1\/8 inch TRS Stereo Jack Connector, for Laptop MP3 Miniature TV Tuning Equipment Car Audio Devices - CGCCable","isPartOf":{"@id":"https:\/\/cgccable.com\/#website"},"primaryImageOfPage":{"@id":"https:\/\/cgccable.com\/product\/1pc-3-5mm-male-to-male-adapter-metal-silver-3-pole-1-8-inch-trs-stereo-jack-connector-for-laptop-mp3-miniature-tv-tuning-equipment-car-audio-devices\/#primaryimage"},"image":{"@id":"https:\/\/cgccable.com\/product\/1pc-3-5mm-male-to-male-adapter-metal-silver-3-pole-1-8-inch-trs-stereo-jack-connector-for-laptop-mp3-miniature-tv-tuning-equipment-car-audio-devices\/#primaryimage"},"thumbnailUrl":"https:\/\/cgccable.com\/wp-content\/uploads\/2026\/03\/053-1.jpg","datePublished":"2026-03-21T02:40:06+00:00","dateModified":"2026-03-21T02:43:21+00:00","breadcrumb":{"@id":"https:\/\/cgccable.com\/product\/1pc-3-5mm-male-to-male-adapter-metal-silver-3-pole-1-8-inch-trs-stereo-jack-connector-for-laptop-mp3-miniature-tv-tuning-equipment-car-audio-devices\/#breadcrumb"},"inLanguage":"es","potentialAction":[{"@type":"ReadAction","target":["https:\/\/cgccable.com\/product\/1pc-3-5mm-male-to-male-adapter-metal-silver-3-pole-1-8-inch-trs-stereo-jack-connector-for-laptop-mp3-miniature-tv-tuning-equipment-car-audio-devices\/"]}]},{"@type":"ImageObject","inLanguage":"es","@id":"https:\/\/cgccable.com\/product\/1pc-3-5mm-male-to-male-adapter-metal-silver-3-pole-1-8-inch-trs-stereo-jack-connector-for-laptop-mp3-miniature-tv-tuning-equipment-car-audio-devices\/#primaryimage","url":"https:\/\/cgccable.com\/wp-content\/uploads\/2026\/03\/053-1.jpg","contentUrl":"https:\/\/cgccable.com\/wp-content\/uploads\/2026\/03\/053-1.jpg","width":1500,"height":1500},{"@type":"BreadcrumbList","@id":"https:\/\/cgccable.com\/product\/1pc-3-5mm-male-to-male-adapter-metal-silver-3-pole-1-8-inch-trs-stereo-jack-connector-for-laptop-mp3-miniature-tv-tuning-equipment-car-audio-devices\/#breadcrumb","itemListElement":[{"@type":"ListItem","position":1,"name":"Home","item":"https:\/\/cgccable.com\/"},{"@type":"ListItem","position":2,"name":"Shop","item":"https:\/\/cgccable.com\/shop\/"},{"@type":"ListItem","position":3,"name":"1PC 3.5mm Male To Male Adapter, Metal Silver 3 Pole 1\/8 inch TRS Stereo Jack Connector, for Laptop MP3 Miniature TV Tuning Equipment Car Audio Devices"}]},{"@type":"WebSite","@id":"https:\/\/cgccable.com\/#website","url":"https:\/\/cgccable.com\/","name":"CGCCable","description":"","publisher":{"@id":"https:\/\/cgccable.com\/#organization"},"potentialAction":[{"@type":"SearchAction","target":{"@type":"EntryPoint","urlTemplate":"https:\/\/cgccable.com\/?s={search_term_string}"},"query-input":{"@type":"PropertyValueSpecification","valueRequired":true,"valueName":"search_term_string"}}],"inLanguage":"es"},{"@type":"Organization","@id":"https:\/\/cgccable.com\/#organization","name":"CGCCable","url":"https:\/\/cgccable.com\/","logo":{"@type":"ImageObject","inLanguage":"es","@id":"https:\/\/cgccable.com\/#\/schema\/logo\/image\/","url":"https:\/\/cgccable.com\/wp-content\/uploads\/2026\/03\/LOGO-CGC-scaled.png","contentUrl":"https:\/\/cgccable.com\/wp-content\/uploads\/2026\/03\/LOGO-CGC-scaled.png","width":2124,"height":2560,"caption":"CGCCable"},"image":{"@id":"https:\/\/cgccable.com\/#\/schema\/logo\/image\/"},"sameAs":["https:\/\/www.facebook.com\/profile.php?id=61579520740672"]}]}},"_links":{"self":[{"href":"https:\/\/cgccable.com\/es\/wp-json\/wp\/v2\/product\/31635","targetHints":{"allow":["GET"]}}],"collection":[{"href":"https:\/\/cgccable.com\/es\/wp-json\/wp\/v2\/product"}],"about":[{"href":"https:\/\/cgccable.com\/es\/wp-json\/wp\/v2\/types\/product"}],"replies":[{"embeddable":true,"href":"https:\/\/cgccable.com\/es\/wp-json\/wp\/v2\/comments?post=31635"}],"version-history":[{"count":0,"href":"https:\/\/cgccable.com\/es\/wp-json\/wp\/v2\/product\/31635\/revisions"}],"wp:featuredmedia":[{"embeddable":true,"href":"https:\/\/cgccable.com\/es\/wp-json\/wp\/v2\/media\/31634"}],"wp:attachment":[{"href":"https:\/\/cgccable.com\/es\/wp-json\/wp\/v2\/media?parent=31635"}],"wp:term":[{"taxonomy":"product_brand","embeddable":true,"href":"https:\/\/cgccable.com\/es\/wp-json\/wp\/v2\/product_brand?post=31635"},{"taxonomy":"product_cat","embeddable":true,"href":"https:\/\/cgccable.com\/es\/wp-json\/wp\/v2\/product_cat?post=31635"},{"taxonomy":"product_tag","embeddable":true,"href":"https:\/\/cgccable.com\/es\/wp-json\/wp\/v2\/product_tag?post=31635"}],"curies":[{"name":"wp","href":"https:\/\/api.w.org\/{rel}","templated":true}]}}