{"id":32337,"date":"2026-03-21T07:41:21","date_gmt":"2026-03-21T07:41:21","guid":{"rendered":"https:\/\/cgccable.com\/product\/2pcs-12awg-0-3m-13in-sae-quick-connect-harness-sae-power-socket-sidewall-port-connector-with-dust-cap-for-solar-panels-flush-mount-connector-plug-cable-ideal-for-rvs-atvs-motorcycles\/"},"modified":"2026-03-21T07:41:21","modified_gmt":"2026-03-21T07:41:21","slug":"2-unidades-de-cable-sae-de-12-awg-03-m-13-pulgadas-con-conector-rapido-toma-de-corriente-sae-y-puerto-lateral-con-tapa-antipolvo-para-paneles-solares-conector-de-montaje-empotrado-cable-ideal-p","status":"publish","type":"product","link":"https:\/\/cgccable.com\/es\/product\/2pcs-12awg-0-3m-13in-sae-quick-connect-harness-sae-power-socket-sidewall-port-connector-with-dust-cap-for-solar-panels-flush-mount-connector-plug-cable-ideal-for-rvs-atvs-motorcycles\/","title":{"rendered":"2 unidades de arn\u00e9s de conexi\u00f3n r\u00e1pida SAE de 12 AWG y 0,3 m\/13 pulgadas, conector de puerto de pared lateral para toma de corriente SAE con tapa antipolvo, para paneles solares, cable conector de montaje empotrado, ideal para veh\u00edculos recreativos, veh\u00edculos todo terreno y motocicletas."},"content":{"rendered":"","protected":false},"excerpt":{"rendered":"","protected":false},"featured_media":32324,"comment_status":"open","ping_status":"closed","template":"","meta":[],"product_brand":[368],"product_cat":[366],"product_tag":[],"class_list":{"0":"post-32337","1":"product","2":"type-product","3":"status-publish","4":"has-post-thumbnail","6":"product_brand-cgccable","7":"product_cat-photovoltaic-adapter-cables","9":"first","10":"instock","11":"sale","12":"shipping-taxable","13":"purchasable","14":"product-type-simple"},"yoast_head":"<!-- This site is optimized with the Yoast SEO plugin v27.3 - https:\/\/yoast.com\/product\/yoast-seo-wordpress\/ -->\n<title>2PCS 12AWG 0.3m\/13in SAE Quick Connect Harness, SAE Power Socket Sidewall Port Connector with Dust Cap, For Solar Panels, Flush Mount Connector Plug Cable, Ideal for RVs, ATVs &amp; Motorcycles - CGCCable<\/title>\n<meta name=\"robots\" content=\"index, follow, max-snippet:-1, max-image-preview:large, max-video-preview:-1\" \/>\n<link rel=\"canonical\" href=\"https:\/\/cgccable.com\/es\/product\/2-unidades-de-cable-sae-de-12-awg-03-m-13-pulgadas-con-conector-rapido-toma-de-corriente-sae-y-puerto-lateral-con-tapa-antipolvo-para-paneles-solares-conector-de-montaje-empotrado-cable-ideal-p\/?wmc-currency=USD\" \/>\n<meta property=\"og:locale\" content=\"es_ES\" \/>\n<meta property=\"og:type\" content=\"article\" \/>\n<meta property=\"og:title\" content=\"2PCS 12AWG 0.3m\/13in SAE Quick Connect Harness, SAE Power Socket Sidewall Port Connector with Dust Cap, For Solar Panels, Flush Mount Connector Plug Cable, Ideal for RVs, ATVs &amp; Motorcycles - CGCCable\" \/>\n<meta property=\"og:url\" content=\"https:\/\/cgccable.com\/es\/product\/2-unidades-de-cable-sae-de-12-awg-03-m-13-pulgadas-con-conector-rapido-toma-de-corriente-sae-y-puerto-lateral-con-tapa-antipolvo-para-paneles-solares-conector-de-montaje-empotrado-cable-ideal-p\/?wmc-currency=USD\" \/>\n<meta property=\"og:site_name\" content=\"CGCCable\" \/>\n<meta property=\"article:publisher\" content=\"https:\/\/www.facebook.com\/profile.php?id=61579520740672\" \/>\n<meta property=\"og:image\" content=\"https:\/\/cgccable.com\/wp-content\/uploads\/2026\/03\/026-1.jpg\" \/>\n\t<meta property=\"og:image:width\" content=\"1500\" \/>\n\t<meta property=\"og:image:height\" content=\"1500\" \/>\n\t<meta property=\"og:image:type\" content=\"image\/jpeg\" \/>\n<meta name=\"twitter:card\" content=\"summary_large_image\" \/>\n<script type=\"application\/ld+json\" class=\"yoast-schema-graph\">{\"@context\":\"https:\\\/\\\/schema.org\",\"@graph\":[{\"@type\":\"WebPage\",\"@id\":\"https:\\\/\\\/cgccable.com\\\/product\\\/2pcs-12awg-0-3m-13in-sae-quick-connect-harness-sae-power-socket-sidewall-port-connector-with-dust-cap-for-solar-panels-flush-mount-connector-plug-cable-ideal-for-rvs-atvs-motorcycles\\\/\",\"url\":\"https:\\\/\\\/cgccable.com\\\/product\\\/2pcs-12awg-0-3m-13in-sae-quick-connect-harness-sae-power-socket-sidewall-port-connector-with-dust-cap-for-solar-panels-flush-mount-connector-plug-cable-ideal-for-rvs-atvs-motorcycles\\\/\",\"name\":\"2PCS 12AWG 0.3m\\\/13in SAE Quick Connect Harness, SAE Power Socket Sidewall Port Connector with Dust Cap, For Solar Panels, Flush Mount Connector Plug Cable, Ideal for RVs, ATVs & Motorcycles - CGCCable\",\"isPartOf\":{\"@id\":\"https:\\\/\\\/cgccable.com\\\/#website\"},\"primaryImageOfPage\":{\"@id\":\"https:\\\/\\\/cgccable.com\\\/product\\\/2pcs-12awg-0-3m-13in-sae-quick-connect-harness-sae-power-socket-sidewall-port-connector-with-dust-cap-for-solar-panels-flush-mount-connector-plug-cable-ideal-for-rvs-atvs-motorcycles\\\/#primaryimage\"},\"image\":{\"@id\":\"https:\\\/\\\/cgccable.com\\\/product\\\/2pcs-12awg-0-3m-13in-sae-quick-connect-harness-sae-power-socket-sidewall-port-connector-with-dust-cap-for-solar-panels-flush-mount-connector-plug-cable-ideal-for-rvs-atvs-motorcycles\\\/#primaryimage\"},\"thumbnailUrl\":\"https:\\\/\\\/cgccable.com\\\/wp-content\\\/uploads\\\/2026\\\/03\\\/026-1.jpg\",\"datePublished\":\"2026-03-21T07:41:21+00:00\",\"breadcrumb\":{\"@id\":\"https:\\\/\\\/cgccable.com\\\/product\\\/2pcs-12awg-0-3m-13in-sae-quick-connect-harness-sae-power-socket-sidewall-port-connector-with-dust-cap-for-solar-panels-flush-mount-connector-plug-cable-ideal-for-rvs-atvs-motorcycles\\\/#breadcrumb\"},\"inLanguage\":\"es\",\"potentialAction\":[{\"@type\":\"ReadAction\",\"target\":[\"https:\\\/\\\/cgccable.com\\\/product\\\/2pcs-12awg-0-3m-13in-sae-quick-connect-harness-sae-power-socket-sidewall-port-connector-with-dust-cap-for-solar-panels-flush-mount-connector-plug-cable-ideal-for-rvs-atvs-motorcycles\\\/\"]}]},{\"@type\":\"ImageObject\",\"inLanguage\":\"es\",\"@id\":\"https:\\\/\\\/cgccable.com\\\/product\\\/2pcs-12awg-0-3m-13in-sae-quick-connect-harness-sae-power-socket-sidewall-port-connector-with-dust-cap-for-solar-panels-flush-mount-connector-plug-cable-ideal-for-rvs-atvs-motorcycles\\\/#primaryimage\",\"url\":\"https:\\\/\\\/cgccable.com\\\/wp-content\\\/uploads\\\/2026\\\/03\\\/026-1.jpg\",\"contentUrl\":\"https:\\\/\\\/cgccable.com\\\/wp-content\\\/uploads\\\/2026\\\/03\\\/026-1.jpg\",\"width\":1500,\"height\":1500},{\"@type\":\"BreadcrumbList\",\"@id\":\"https:\\\/\\\/cgccable.com\\\/product\\\/2pcs-12awg-0-3m-13in-sae-quick-connect-harness-sae-power-socket-sidewall-port-connector-with-dust-cap-for-solar-panels-flush-mount-connector-plug-cable-ideal-for-rvs-atvs-motorcycles\\\/#breadcrumb\",\"itemListElement\":[{\"@type\":\"ListItem\",\"position\":1,\"name\":\"Home\",\"item\":\"https:\\\/\\\/cgccable.com\\\/\"},{\"@type\":\"ListItem\",\"position\":2,\"name\":\"Shop\",\"item\":\"https:\\\/\\\/cgccable.com\\\/shop\\\/\"},{\"@type\":\"ListItem\",\"position\":3,\"name\":\"2PCS 12AWG 0.3m\\\/13in SAE Quick Connect Harness, SAE Power Socket Sidewall Port Connector with Dust Cap, For Solar Panels, Flush Mount Connector Plug Cable, Ideal for RVs, ATVs &#038; Motorcycles\"}]},{\"@type\":\"WebSite\",\"@id\":\"https:\\\/\\\/cgccable.com\\\/#website\",\"url\":\"https:\\\/\\\/cgccable.com\\\/\",\"name\":\"CGCCable\",\"description\":\"\",\"publisher\":{\"@id\":\"https:\\\/\\\/cgccable.com\\\/#organization\"},\"potentialAction\":[{\"@type\":\"SearchAction\",\"target\":{\"@type\":\"EntryPoint\",\"urlTemplate\":\"https:\\\/\\\/cgccable.com\\\/?s={search_term_string}\"},\"query-input\":{\"@type\":\"PropertyValueSpecification\",\"valueRequired\":true,\"valueName\":\"search_term_string\"}}],\"inLanguage\":\"es\"},{\"@type\":\"Organization\",\"@id\":\"https:\\\/\\\/cgccable.com\\\/#organization\",\"name\":\"CGCCable\",\"url\":\"https:\\\/\\\/cgccable.com\\\/\",\"logo\":{\"@type\":\"ImageObject\",\"inLanguage\":\"es\",\"@id\":\"https:\\\/\\\/cgccable.com\\\/#\\\/schema\\\/logo\\\/image\\\/\",\"url\":\"https:\\\/\\\/cgccable.com\\\/wp-content\\\/uploads\\\/2026\\\/03\\\/LOGO-CGC-scaled.png\",\"contentUrl\":\"https:\\\/\\\/cgccable.com\\\/wp-content\\\/uploads\\\/2026\\\/03\\\/LOGO-CGC-scaled.png\",\"width\":2124,\"height\":2560,\"caption\":\"CGCCable\"},\"image\":{\"@id\":\"https:\\\/\\\/cgccable.com\\\/#\\\/schema\\\/logo\\\/image\\\/\"},\"sameAs\":[\"https:\\\/\\\/www.facebook.com\\\/profile.php?id=61579520740672\"]}]}<\/script>\n<!-- \/ Yoast SEO plugin. -->","yoast_head_json":{"title":"2 unidades de arn\u00e9s de conexi\u00f3n r\u00e1pida SAE de 12 AWG y 0,3 m\/13 pulgadas, conector de puerto de pared lateral para toma de corriente SAE con tapa antipolvo, para paneles solares, cable conector de montaje empotrado, ideal para veh\u00edculos recreativos, cuatrimotos y motocicletas - CGCCable","robots":{"index":"index","follow":"follow","max-snippet":"max-snippet:-1","max-image-preview":"max-image-preview:large","max-video-preview":"max-video-preview:-1"},"canonical":"https:\/\/cgccable.com\/es\/product\/2-unidades-de-cable-sae-de-12-awg-03-m-13-pulgadas-con-conector-rapido-toma-de-corriente-sae-y-puerto-lateral-con-tapa-antipolvo-para-paneles-solares-conector-de-montaje-empotrado-cable-ideal-p\/?wmc-currency=USD","og_locale":"es_ES","og_type":"article","og_title":"2PCS 12AWG 0.3m\/13in SAE Quick Connect Harness, SAE Power Socket Sidewall Port Connector with Dust Cap, For Solar Panels, Flush Mount Connector Plug Cable, Ideal for RVs, ATVs & Motorcycles - CGCCable","og_url":"https:\/\/cgccable.com\/es\/product\/2-unidades-de-cable-sae-de-12-awg-03-m-13-pulgadas-con-conector-rapido-toma-de-corriente-sae-y-puerto-lateral-con-tapa-antipolvo-para-paneles-solares-conector-de-montaje-empotrado-cable-ideal-p\/?wmc-currency=USD","og_site_name":"CGCCable","article_publisher":"https:\/\/www.facebook.com\/profile.php?id=61579520740672","og_image":[{"width":1500,"height":1500,"url":"https:\/\/cgccable.com\/wp-content\/uploads\/2026\/03\/026-1.jpg","type":"image\/jpeg"}],"twitter_card":"summary_large_image","schema":{"@context":"https:\/\/schema.org","@graph":[{"@type":"WebPage","@id":"https:\/\/cgccable.com\/product\/2pcs-12awg-0-3m-13in-sae-quick-connect-harness-sae-power-socket-sidewall-port-connector-with-dust-cap-for-solar-panels-flush-mount-connector-plug-cable-ideal-for-rvs-atvs-motorcycles\/","url":"https:\/\/cgccable.com\/product\/2pcs-12awg-0-3m-13in-sae-quick-connect-harness-sae-power-socket-sidewall-port-connector-with-dust-cap-for-solar-panels-flush-mount-connector-plug-cable-ideal-for-rvs-atvs-motorcycles\/","name":"2 unidades de arn\u00e9s de conexi\u00f3n r\u00e1pida SAE de 12 AWG y 0,3 m\/13 pulgadas, conector de puerto de pared lateral para toma de corriente SAE con tapa antipolvo, para paneles solares, cable conector de montaje empotrado, ideal para veh\u00edculos recreativos, cuatrimotos y motocicletas - CGCCable","isPartOf":{"@id":"https:\/\/cgccable.com\/#website"},"primaryImageOfPage":{"@id":"https:\/\/cgccable.com\/product\/2pcs-12awg-0-3m-13in-sae-quick-connect-harness-sae-power-socket-sidewall-port-connector-with-dust-cap-for-solar-panels-flush-mount-connector-plug-cable-ideal-for-rvs-atvs-motorcycles\/#primaryimage"},"image":{"@id":"https:\/\/cgccable.com\/product\/2pcs-12awg-0-3m-13in-sae-quick-connect-harness-sae-power-socket-sidewall-port-connector-with-dust-cap-for-solar-panels-flush-mount-connector-plug-cable-ideal-for-rvs-atvs-motorcycles\/#primaryimage"},"thumbnailUrl":"https:\/\/cgccable.com\/wp-content\/uploads\/2026\/03\/026-1.jpg","datePublished":"2026-03-21T07:41:21+00:00","breadcrumb":{"@id":"https:\/\/cgccable.com\/product\/2pcs-12awg-0-3m-13in-sae-quick-connect-harness-sae-power-socket-sidewall-port-connector-with-dust-cap-for-solar-panels-flush-mount-connector-plug-cable-ideal-for-rvs-atvs-motorcycles\/#breadcrumb"},"inLanguage":"es","potentialAction":[{"@type":"ReadAction","target":["https:\/\/cgccable.com\/product\/2pcs-12awg-0-3m-13in-sae-quick-connect-harness-sae-power-socket-sidewall-port-connector-with-dust-cap-for-solar-panels-flush-mount-connector-plug-cable-ideal-for-rvs-atvs-motorcycles\/"]}]},{"@type":"ImageObject","inLanguage":"es","@id":"https:\/\/cgccable.com\/product\/2pcs-12awg-0-3m-13in-sae-quick-connect-harness-sae-power-socket-sidewall-port-connector-with-dust-cap-for-solar-panels-flush-mount-connector-plug-cable-ideal-for-rvs-atvs-motorcycles\/#primaryimage","url":"https:\/\/cgccable.com\/wp-content\/uploads\/2026\/03\/026-1.jpg","contentUrl":"https:\/\/cgccable.com\/wp-content\/uploads\/2026\/03\/026-1.jpg","width":1500,"height":1500},{"@type":"BreadcrumbList","@id":"https:\/\/cgccable.com\/product\/2pcs-12awg-0-3m-13in-sae-quick-connect-harness-sae-power-socket-sidewall-port-connector-with-dust-cap-for-solar-panels-flush-mount-connector-plug-cable-ideal-for-rvs-atvs-motorcycles\/#breadcrumb","itemListElement":[{"@type":"ListItem","position":1,"name":"Home","item":"https:\/\/cgccable.com\/"},{"@type":"ListItem","position":2,"name":"Shop","item":"https:\/\/cgccable.com\/shop\/"},{"@type":"ListItem","position":3,"name":"2PCS 12AWG 0.3m\/13in SAE Quick Connect Harness, SAE Power Socket Sidewall Port Connector with Dust Cap, For Solar Panels, Flush Mount Connector Plug Cable, Ideal for RVs, ATVs &#038; Motorcycles"}]},{"@type":"WebSite","@id":"https:\/\/cgccable.com\/#website","url":"https:\/\/cgccable.com\/","name":"CGCCable","description":"","publisher":{"@id":"https:\/\/cgccable.com\/#organization"},"potentialAction":[{"@type":"SearchAction","target":{"@type":"EntryPoint","urlTemplate":"https:\/\/cgccable.com\/?s={search_term_string}"},"query-input":{"@type":"PropertyValueSpecification","valueRequired":true,"valueName":"search_term_string"}}],"inLanguage":"es"},{"@type":"Organization","@id":"https:\/\/cgccable.com\/#organization","name":"CGCCable","url":"https:\/\/cgccable.com\/","logo":{"@type":"ImageObject","inLanguage":"es","@id":"https:\/\/cgccable.com\/#\/schema\/logo\/image\/","url":"https:\/\/cgccable.com\/wp-content\/uploads\/2026\/03\/LOGO-CGC-scaled.png","contentUrl":"https:\/\/cgccable.com\/wp-content\/uploads\/2026\/03\/LOGO-CGC-scaled.png","width":2124,"height":2560,"caption":"CGCCable"},"image":{"@id":"https:\/\/cgccable.com\/#\/schema\/logo\/image\/"},"sameAs":["https:\/\/www.facebook.com\/profile.php?id=61579520740672"]}]}},"_links":{"self":[{"href":"https:\/\/cgccable.com\/es\/wp-json\/wp\/v2\/product\/32337","targetHints":{"allow":["GET"]}}],"collection":[{"href":"https:\/\/cgccable.com\/es\/wp-json\/wp\/v2\/product"}],"about":[{"href":"https:\/\/cgccable.com\/es\/wp-json\/wp\/v2\/types\/product"}],"replies":[{"embeddable":true,"href":"https:\/\/cgccable.com\/es\/wp-json\/wp\/v2\/comments?post=32337"}],"version-history":[{"count":0,"href":"https:\/\/cgccable.com\/es\/wp-json\/wp\/v2\/product\/32337\/revisions"}],"wp:featuredmedia":[{"embeddable":true,"href":"https:\/\/cgccable.com\/es\/wp-json\/wp\/v2\/media\/32324"}],"wp:attachment":[{"href":"https:\/\/cgccable.com\/es\/wp-json\/wp\/v2\/media?parent=32337"}],"wp:term":[{"taxonomy":"product_brand","embeddable":true,"href":"https:\/\/cgccable.com\/es\/wp-json\/wp\/v2\/product_brand?post=32337"},{"taxonomy":"product_cat","embeddable":true,"href":"https:\/\/cgccable.com\/es\/wp-json\/wp\/v2\/product_cat?post=32337"},{"taxonomy":"product_tag","embeddable":true,"href":"https:\/\/cgccable.com\/es\/wp-json\/wp\/v2\/product_tag?post=32337"}],"curies":[{"name":"wp","href":"https:\/\/api.w.org\/{rel}","templated":true}]}}